{"id":90,"date":"2020-12-23T02:26:47","date_gmt":"2020-12-23T01:26:47","guid":{"rendered":"http:\/\/comite-francais-sciences-historiques.com\/?page_id=90"},"modified":"2023-05-08T23:14:09","modified_gmt":"2023-05-08T21:14:09","slug":"congres-internationaux","status":"publish","type":"page","link":"https:\/\/comite-francais-sciences-historiques.com\/index.php\/congres-internationaux\/","title":{"rendered":"Congr\u00e8s internationaux"},"content":{"rendered":"<h3 style=\"text-align: center;\">Le Congr\u00e8s du CISH, qui a lieu tous les cinq ans, est le grand rendez-vous mondial de la communaut\u00e9 internationale des historiens. Il\u00a0est l\u2019occasion de pr\u00e9senter les th\u00e8mes les plus novateurs et de confronter la recherche avec celle de coll\u00e8gues venus de tous les continents.<\/h3>\n<h3>Jerusalem 2026<\/h3>\n<p class=\"p1\">La Soci\u00e9t\u00e9 historique d&rsquo;Isra\u00ebl a \u00e9t\u00e9 choisie pour accueillir le 24e Congr\u00e8s du CISH en 2026 \u00e0 J\u00e9rusalem. L\u2019organisation du Congr\u00e8s en Isra\u00ebl exprime une reconnaissance de l\u2019importance de l\u2019historiographie isra\u00e9lienne dans le domaine de la recherche historique et acad\u00e9mique et fournit l\u2019occasion d\u2019une rencontre des historiens du monde entier avec l&rsquo;histoire de J\u00e9rusalem et du peuple juif.<\/p>\n<p>Pour plus d&rsquo;informations, consulter le <a href=\"https:\/\/www.historical.org.il\/conference\/%d7%94%d7%9b%d7%a0%d7%a1-%d7%94%d7%91%d7%99%d7%a0%d7%9c%d7%90%d7%95%d7%9e%d7%99-%d7%94xxiv-%d7%9c%d7%9e%d7%93%d7%a2%d7%99-%d7%94%d7%94%d7%99%d7%a1%d7%98%d7%95%d7%a8%d7%99%d7%94\/?lang=en\">site web<\/a> du Congr\u00e8s.<\/p>\n<h3 class=\"post-title\">Poznan 2022<\/h3>\n<div class=\"post-content\">\n<div class=\"page\" title=\"Page 1\">\n<div class=\"section\">\n<div class=\"layoutArea\">\n<div class=\"column\">\n<p>Se trouvant en face de la pande\u0301mie de Covid-19, et apre\u0300s avoir pris en conside\u0301ration toutes les implications d\u2019ordre sanitaire, organisateur et e\u0301conomique, de me\u0302me que les pre\u0301visions concernant le progre\u0300s de la contagion, le Bureau du CISH et le Comite\u0301 Organisateur ont fixe\u0301 la date du Congre\u0300s aux 22-28 aou\u0302t 2022. Le programme du congre\u0300s a e\u0301te\u0301 tre\u0300s riche (<a href=\"http:\/\/comite-francais-sciences-historiques.com\/wp-content\/uploads\/2023\/05\/1-PROGRAM-CONGRESS-WEB.pdf\">consulter le programme complet<\/a>), avec une participation franc\u0327aise et francophone relativement modeste quantitativement parlant, apparaissant en couleur sur le document suivant (<a href=\"http:\/\/comite-francais-sciences-historiques.com\/wp-content\/uploads\/2023\/05\/3-PROGRAM-table-2022.pdf\">program table 2022<\/a>).<\/p>\n<\/div>\n<\/div>\n<\/div>\n<\/div>\n<\/div>\n<p>Lors du congr\u00e8s, le Comit\u00e9 fran\u00e7ais des sciences historiques a apport\u00e9 son soutien aux sessions suivantes :<\/p>\n<ul>\n<li>RT.09 \u00ab\u00a0Les formes d&rsquo;enseignements sup\u00e9rieurs dans les civilisations anciennes hors d&rsquo;Europe\u00a0\u00bb, (Pierre Mounier-Kuhn). Lundi 22 ao\u00fbt 2022. (<a href=\"http:\/\/comite-francais-sciences-historiques.com\/wp-content\/uploads\/2023\/05\/RT-09-Les-formes-denseignements-supe\u0301rieurs-22-08-2022.pdf\">consulter le programme <\/a>et\u00a0<a href=\"http:\/\/comite-francais-sciences-historiques.com\/wp-content\/uploads\/2023\/05\/6-Mounier-Kuhn-proposal-for-XXIII-CISH-Congress.doc.pdf\">document annexe<\/a>) ;<\/li>\n<li>RT.15 \u00ab\u00a0Population displacement in the post WW2\u00a0\u00bb, (Olivier Forcade), Lundi 22 ao\u00fbt 2022. (<a href=\"http:\/\/comite-francais-sciences-historiques.com\/wp-content\/uploads\/2023\/05\/4-3-RT-15-Les-formes-denseignements-supe\u0301rieurs-22-08-2022.pdf\">consulter le programme<\/a> et documents annexes <a href=\"http:\/\/comite-francais-sciences-historiques.com\/wp-content\/uploads\/2023\/05\/5-5-RT-15-Annexe-2-Arguments-en-faveur-du-projet.pdf\">1<\/a> et <a href=\"http:\/\/comite-francais-sciences-historiques.com\/wp-content\/uploads\/2023\/05\/4-RT-15-Annexe-1-ARGUMENTS-IN-FAVOUR-OF-THE-PROJECT.pdf\">2<\/a>)\u00a0;<\/li>\n<li>JS.07 \u00ab\u00a0Le Second Empire, bilan et renouveau historiographie \/ The Second Empire: historiographical inventory and advances\u00a0\u00bb, (Dominique Barjot et Lyu Yimin), Mercredi 24 ao\u00fbt 2022. (<a href=\"http:\/\/comite-francais-sciences-historiques.com\/wp-content\/uploads\/2023\/05\/JS-07-D.-BARJOT-LYU-Yimin.pdf\">consulter le programme <\/a>et <a href=\"http:\/\/comite-francais-sciences-historiques.com\/wp-content\/uploads\/2023\/05\/JOINT-SESSION-07-AUGUST-24th-2022-8.pdf\">documents annexes<\/a>) ;<\/li>\n<li>JS.04 \u00ab\u00a0Religions and globalisation since the turn of the 19th century\u00a0\u00bb, (Charles Mercier et Ruth Harris), Mercredi 24 ao\u00fbt 2022. (<a href=\"http:\/\/comite-francais-sciences-historiques.com\/wp-content\/uploads\/2023\/05\/JS-04-Religions-and-Globalisation-since-the-Turn-of-the-19th-Century-24-08-2022.pdf\">consulter le programme <\/a>et <a href=\"http:\/\/comite-francais-sciences-historiques.com\/wp-content\/uploads\/2023\/05\/7-Session-proposal-for-the-XXIII-Congress-of-the-CISH-Mercier-Harris.pdf\">document annexe<\/a>).<\/li>\n<\/ul>\n<div class=\"post-content\">\n<p>De plus, Dominique Barjot, pr\u00e9sident du CFSH,\u00a0 a pr\u00e9sent\u00e9 une conf\u00e9rence exceptionnelle intitul\u00e9e \u00ab\u00a0French Historiography Today : Crossed Visions\u00a0\u00bb, le jeudi 25 ao\u00fbt 2022. (<a href=\"http:\/\/comite-francais-sciences-historiques.com\/wp-content\/uploads\/2023\/05\/D.-BARJOT-French-Historiography-25-08-2022.pdf\">consulter le programme<\/a> et documents annexes<a href=\"http:\/\/comite-francais-sciences-historiques.com\/wp-content\/uploads\/2023\/05\/D.-BARJOT-FRENCH-HISTORIOGRAPHY-TODAY.pdf\"> 1 <\/a>et <a href=\"http:\/\/comite-francais-sciences-historiques.com\/wp-content\/uploads\/2023\/05\/D.-BARJOT-REGARDS-CROISE\u0301S-SUR-LHISTORIOGRAPHIE-FRANC\u0327AISE-AUJOURDHUI.pdf\">2<\/a>).<\/p>\n<p>Pour plus d&rsquo;informations, consulter <a href=\"https:\/\/ichs2020poznan.pl\/fr\/\">le site web<\/a>\u00a0du Congr\u00e8s.<\/p>\n<\/div>\n<h3 class=\"post-title\">Jinan 2015<\/h3>\n<p>Pour son XXIIe Congr\u00e8s qui s\u2019est tenu du 23 au 28 ao\u00fbt 2015 \u00e0 Jinan (Chine), le CISH\u00a0 a tout particuli\u00e8rement mis l\u2019accent sur la participation des\u00a0 jeunes historiens afin qu\u2019ils fassent conna\u00eetre leurs recherches au sein de cette ar\u00e8ne internationale et participent \u00a0largement aux discussions organis\u00e9es dans plus de 70 panels. Dominique Barjot, y a pr\u00e9sent\u00e9 une Joint Session particuli\u00e8rement suivie (consulter documents <a href=\"http:\/\/comite-francais-sciences-historiques.com\/wp-content\/uploads\/2023\/05\/JOINT-SESSION-3-MAIL-ADDRESSES-OF-INTERVENANTS-07-08-2015.pdf\">1<\/a> et <a href=\"http:\/\/comite-francais-sciences-historiques.com\/wp-content\/uploads\/2023\/05\/APPENDIX-2-SESSION-JS-3-JINAN-2015-D.-BARJOT.pdf\">2<\/a>).<\/p>\n<p class=\"post-title\"><a href=\"http:\/\/comite-francais-sciences-historiques.com\/wp-content\/uploads\/2023\/05\/Programme-version-29-May-1.pdf\">Consultez le programme<\/a><\/p>\n<h3 class=\"post-title\">Amsterdam 2010<\/h3>\n<div class=\"post-content\">\n<p><a href=\"https:\/\/www.cish.org\/congres\/Amsterdam-final-Report-H-Blom.pdf\">Final report of the Congres<\/a><br \/>\n<a href=\"https:\/\/www.cish.org\/congres\/Amsterdam_2010_Program.pdf\">T\u00e9l\u00e9charger la version pdf \u2013 Download the pdf program<\/a><\/p>\n<\/div>\n<h3>Sydney 2005<\/h3>\n<p>Le XXe Congr\u00e8s s\u2019est d\u00e9roul\u00e9 \u00e0 la New South Wales University.\u00a0 Pour la premi\u00e8re fois le CISH tenait son Congr\u00e8s dans l\u2019h\u00e9misph\u00e8re sud et dans la grande r\u00e9gion du pacifique. Les trois th\u00e8mes majeurs du Congr\u00e8s ont interpell\u00e9 les historiens sur les questions d\u2019environnement (Humanit\u00e9 et nature), de guerre et de paix, ainsi que sur les rapports entre mythe et histoire.<\/p>\n<p><a href=\"https:\/\/www.cish.org\/wp-content\/uploads\/2015\/09\/Programme_Sydney_20051.pdf\">T\u00e9l\u00e9charger le programme complet<\/a><\/p>\n<h3>Oslo 2000<\/h3>\n<p><a href=\"https:\/\/www.cish.org\/wp-content\/uploads\/2015\/09\/Programme_Oslo_20001.pdf\">T\u00e9l\u00e9charger le programme complet<\/a><\/p>\n<h3>Congr\u00e8s pr\u00e9c\u00e9dents<\/h3>\n<p><a href=\"https:\/\/www.cish.org\/index.php\/page-2\/archives-et-histoire\/liste-des-congres-du-cish-depuis-lorigine\/\" target=\"_blank\" rel=\"noopener\">Liste des Congr\u00e8s du CISH depuis l\u2019origine<\/a><\/p>\n","protected":false},"excerpt":{"rendered":"<p>Le Congr\u00e8s du CISH, qui a lieu tous les cinq ans, est le grand rendez-vous mondial de la communaut\u00e9 internationale des historiens. Il\u00a0est l\u2019occasion de pr\u00e9senter les th\u00e8mes les plus&hellip;<\/p>\n","protected":false},"author":1,"featured_media":0,"parent":0,"menu_order":0,"comment_status":"closed","ping_status":"closed","template":"","meta":[],"_links":{"self":[{"href":"https:\/\/comite-francais-sciences-historiques.com\/index.php\/wp-json\/wp\/v2\/pages\/90"}],"collection":[{"href":"https:\/\/comite-francais-sciences-historiques.com\/index.php\/wp-json\/wp\/v2\/pages"}],"about":[{"href":"https:\/\/comite-francais-sciences-historiques.com\/index.php\/wp-json\/wp\/v2\/types\/page"}],"author":[{"embeddable":true,"href":"https:\/\/comite-francais-sciences-historiques.com\/index.php\/wp-json\/wp\/v2\/users\/1"}],"replies":[{"embeddable":true,"href":"https:\/\/comite-francais-sciences-historiques.com\/index.php\/wp-json\/wp\/v2\/comments?post=90"}],"version-history":[{"count":22,"href":"https:\/\/comite-francais-sciences-historiques.com\/index.php\/wp-json\/wp\/v2\/pages\/90\/revisions"}],"predecessor-version":[{"id":469,"href":"https:\/\/comite-francais-sciences-historiques.com\/index.php\/wp-json\/wp\/v2\/pages\/90\/revisions\/469"}],"wp:attachment":[{"href":"https:\/\/comite-francais-sciences-historiques.com\/index.php\/wp-json\/wp\/v2\/media?parent=90"}],"curies":[{"name":"wp","href":"https:\/\/api.w.org\/{rel}","templated":true}]}}