{"id":87,"date":"2020-12-23T02:20:43","date_gmt":"2020-12-23T01:20:43","guid":{"rendered":"http:\/\/comite-francais-sciences-historiques.com\/?page_id=87"},"modified":"2020-12-23T15:46:28","modified_gmt":"2020-12-23T14:46:28","slug":"comite-international-des-sciences-historiques-cish","status":"publish","type":"page","link":"https:\/\/comite-francais-sciences-historiques.com\/index.php\/comite-international-des-sciences-historiques-cish\/","title":{"rendered":"Comit\u00e9 International des Sciences Historiques (CISH)"},"content":{"rendered":"<p><a href=\"https:\/\/www.cish.org\/\"><img loading=\"lazy\" class=\"aligncenter wp-image-149\" src=\"http:\/\/comite-francais-sciences-historiques.com\/wp-content\/uploads\/2020\/12\/CISH-logo-1200px-300x92.png\" alt=\"\" width=\"541\" height=\"166\" srcset=\"https:\/\/comite-francais-sciences-historiques.com\/wp-content\/uploads\/2020\/12\/CISH-logo-1200px-300x92.png 300w, https:\/\/comite-francais-sciences-historiques.com\/wp-content\/uploads\/2020\/12\/CISH-logo-1200px-1024x315.png 1024w, https:\/\/comite-francais-sciences-historiques.com\/wp-content\/uploads\/2020\/12\/CISH-logo-1200px-768x236.png 768w, https:\/\/comite-francais-sciences-historiques.com\/wp-content\/uploads\/2020\/12\/CISH-logo-1200px-1170x360.png 1170w, https:\/\/comite-francais-sciences-historiques.com\/wp-content\/uploads\/2020\/12\/CISH-logo-1200px-585x180.png 585w, https:\/\/comite-francais-sciences-historiques.com\/wp-content\/uploads\/2020\/12\/CISH-logo-1200px.png 1200w\" sizes=\"(max-width: 541px) 100vw, 541px\" \/><\/a><\/p>\n<p>Le Comit\u00e9 International des Sciences Historiques (CISH) ou International Committee of Historical Sciences (ICHS) a \u00e9t\u00e9 fond\u00e9 \u00e0 Gen\u00e8ve le 15 mai 1926. C\u2019est au cours du Ve\u00a0Congr\u00e8s international des sciences historiques, \u00e0 Bruxelles en 1923, qu\u2019est n\u00e9e l\u2019id\u00e9e d\u2019un organisme permanent qui r\u00e9unirait et structurerait les repr\u00e9sentants intellectuels de la science historique \u00e0 travers le monde et qui d\u00e9velopperait entre eux les contacts et les \u00e9changes personnels. Depuis 1900, en effet, s\u2019\u00e9taient tenus \u00e0 intervalles plus ou moins distants des Congr\u00e8s internationaux d\u2019historiens, mais apr\u00e8s la Premi\u00e8re Guerre mondiale a pr\u00e9valu le dessein de remplacer ces assembl\u00e9es temporaires par des rencontres r\u00e9guli\u00e8res, organis\u00e9es par une institution stable, o\u00f9 les historiens de tous les pays pourraient confronter leur m\u00e9thodologie et les r\u00e9sultats de leurs travaux. \u00c0 sa naissance, en 1926, le CISH ne repr\u00e9sentait que 19 pays, tous europ\u00e9ens ou nord-am\u00e9ricains.<\/p>\n<p align=\"left\">Apr\u00e8s la Seconde Guerre mondiale, qui avait boulevers\u00e9 ses structures et son infrastructure, le CISH s\u2019est reconstitu\u00e9 au Congr\u00e8s international de Paris en 1950 et depuis lors il n\u2019a cess\u00e9 de se d\u00e9velopper, en \u00e9tendant son aire de recrutement \u00e0 l\u2019Asie, \u00e0 l\u2019Afrique et \u00e0 l\u2019Am\u00e9rique du Sud<\/p>\n<h2 align=\"justify\">Documents divers<\/h2>\n<ul>\n<li><a href=\"https:\/\/www.cish.org\/index.php\/page-2\/archives-et-histoire\/cinquante-ans-dhistoire-du-comite-international-des-sciences-historiques\/\">Cinquante ans d\u2019histoire du Comit\u00e9 International des Sciences Historiques<\/a><strong>.\u00a0<\/strong>Ce texte a \u00e9t\u00e9 r\u00e9dig\u00e9 par Michel Fran\u00e7ois \u2013 Secr\u00e9taire g\u00e9n\u00e9ral de 1950 \u00e0 1980 \u2013 et publi\u00e9 dans le\u00a0<em>Bulletin<\/em>\u00a0num\u00e9ro 10 (1974-1976), \u00e0 l\u2019occasion du cinquanti\u00e8me anniversaire du CISH.<\/li>\n<li><a href=\"https:\/\/www.cish.org\/index.php\/page-2\/archives-et-histoire\/liste-des-congres-du-cish-depuis-lorigine\/\">Liste des Congr\u00e8s internationaux du CISH depuis l\u2019origine<\/a><\/li>\n<li><a href=\"https:\/\/www.cish.org\/index.php\/page-2\/archives-et-histoire\/liste-des-membres-du-bureau-1926-2010\/\">Liste des membres du bureau 1926-2010<\/a><\/li>\n<li>Liste des notices historiques des membres du CISH d\u2019apr\u00e8s les\u00a0<em>Bulletins<\/em>\u00a0et textes du secr\u00e9tariat\n<ul>\n<li><a href=\"https:\/\/www.cish.org\/wp-content\/uploads\/2015\/09\/Comit%C3%A9s-nationaux-archives.pdf\">Comit\u00e9s nationaux \u2013 National Committes<\/a><\/li>\n<li><a href=\"https:\/\/www.cish.org\/wp-content\/uploads\/2015\/09\/Organimes-internationaux-International-organisations.pdf\">Organimes internationaux \u2013 International organisations<\/a><\/li>\n<li><a href=\"https:\/\/www.cish.org\/wp-content\/uploads\/2015\/09\/Commissions-internes-archives.pdf\">Commissions internes \u2013 Internal Commissions<\/a><\/li>\n<\/ul>\n<\/li>\n<li>N\u00e9crologies :\n<ul>\n<li><a href=\"https:\/\/www.cish.org\/index.php\/page-2\/archives-et-histoire\/necrologie-theo-baker\/\">Theo Barker<\/a><\/li>\n<li><a href=\"https:\/\/www.cish.org\/index.php\/page-2\/archives-et-histoire\/necrologie-francois-bedarida\/\">Fran\u00e7ois B\u00e9darida<\/a><\/li>\n<li><a href=\"https:\/\/www.cish.org\/index.php\/page-2\/archives-et-histoire\/necrologie-grigori-bongard-levin\/\">Grigori Bongard-Levin<\/a><\/li>\n<li><a href=\"https:\/\/www.cish.org\/index.php\/page-2\/archives-et-histoire\/necrologie-alain-dubois\/\">Alain Dubois<\/a><\/li>\n<li><a href=\"https:\/\/www.cish.org\/index.php\/page-2\/archives-et-histoire\/necrologie-wolfgang-j-mommsen\/\">Wolfgang Mommsen<\/a><\/li>\n<li><a href=\"https:\/\/www.cish.org\/index.php\/page-2\/archives-et-histoire\/necrologie-hiroyuki-ninomiya\/\">Hiroyuki Ninomiya<\/a><\/li>\n<\/ul>\n<\/li>\n<\/ul>\n<h2>Les archives du CISH<\/h2>\n<h3 align=\"justify\">Fonds du Comit\u00e9 International des Sciences Historiques des Archives nationales de France<\/h3>\n<p align=\"left\"><strong>105 AS 1-513 (1923-2000) R\u00e9pertoire num\u00e9rique d\u00e9taill\u00e9<\/strong><br \/>\nPar Laetitia Bilhaut, Ma\u00eetrise d\u2019Histoire, Universit\u00e9 de Picardie Jules Verne et Magali Lacousse , Conservateur adjoint<br \/>\nSous la direction de Christine Nougaret, Conservateur g\u00e9n\u00e9ral et Magali Lacousse, Conservateur adjoint<br \/>\nParis \u2013 Centre historique des archives nationales \u2013 2001<\/p>\n<ul>\n<li><span class=\"Style5\"><a href=\"https:\/\/www.cish.org\/wp-content\/uploads\/2015\/09\/archives-nationales-intro.pdf\">Introduction<\/a><\/span><\/li>\n<li><span class=\"Style5\"><a href=\"https:\/\/www.cish.org\/wp-content\/uploads\/2015\/09\/archives-nationales-sommaire.pdf\">Sommaire<\/a><\/span><\/li>\n<li><span class=\"Style5\"><a href=\"https:\/\/www.cish.org\/wp-content\/uploads\/2015\/09\/archives-nationales-repertoire.pdf\">R\u00e9pertoire<\/a><\/span><\/li>\n<li><span class=\"Style5\"><a href=\"https:\/\/www.cish.org\/wp-content\/uploads\/2015\/09\/archives-nationales-index.pdf\">Index<\/a><\/span><\/li>\n<li><span class=\"Style5\"><a href=\"https:\/\/www.cish.org\/wp-content\/uploads\/2015\/09\/archives-nationales-annexes.pdf\">Annexes<\/a><\/span><\/li>\n<\/ul>\n<h3 align=\"left\">Biblioth\u00e8que cantonale et universitaire de Lausanne<\/h3>\n<p><a href=\"https:\/\/www.cish.org\/wp-content\/uploads\/2015\/09\/archives-lausanne.pdf\">Cadre de classement des archives du CISH d\u00e9pos\u00e9es \u00e0 la Biblioth\u00e8que cantonale et universitaire de Lausanne<\/a><\/p>\n<p>Bibliographie : Karl Dietrich Erdmann,\u00a0<em>Toward Global Community of Historians. The International Congresses and the International Committee of historical sciences 1898-2000<\/em>, Berghahn Books, 2005<\/p>\n","protected":false},"excerpt":{"rendered":"<p>Le Comit\u00e9 International des Sciences Historiques (CISH) ou International Committee of Historical Sciences (ICHS) a \u00e9t\u00e9 fond\u00e9 \u00e0 Gen\u00e8ve le 15 mai 1926. C\u2019est au cours du Ve\u00a0Congr\u00e8s international des&hellip;<\/p>\n","protected":false},"author":1,"featured_media":0,"parent":0,"menu_order":0,"comment_status":"closed","ping_status":"closed","template":"","meta":[],"_links":{"self":[{"href":"https:\/\/comite-francais-sciences-historiques.com\/index.php\/wp-json\/wp\/v2\/pages\/87"}],"collection":[{"href":"https:\/\/comite-francais-sciences-historiques.com\/index.php\/wp-json\/wp\/v2\/pages"}],"about":[{"href":"https:\/\/comite-francais-sciences-historiques.com\/index.php\/wp-json\/wp\/v2\/types\/page"}],"author":[{"embeddable":true,"href":"https:\/\/comite-francais-sciences-historiques.com\/index.php\/wp-json\/wp\/v2\/users\/1"}],"replies":[{"embeddable":true,"href":"https:\/\/comite-francais-sciences-historiques.com\/index.php\/wp-json\/wp\/v2\/comments?post=87"}],"version-history":[{"count":2,"href":"https:\/\/comite-francais-sciences-historiques.com\/index.php\/wp-json\/wp\/v2\/pages\/87\/revisions"}],"predecessor-version":[{"id":150,"href":"https:\/\/comite-francais-sciences-historiques.com\/index.php\/wp-json\/wp\/v2\/pages\/87\/revisions\/150"}],"wp:attachment":[{"href":"https:\/\/comite-francais-sciences-historiques.com\/index.php\/wp-json\/wp\/v2\/media?parent=87"}],"curies":[{"name":"wp","href":"https:\/\/api.w.org\/{rel}","templated":true}]}}