{"id":83,"date":"2020-12-23T02:02:25","date_gmt":"2020-12-23T01:02:25","guid":{"rendered":"http:\/\/comite-francais-sciences-historiques.com\/?page_id=83"},"modified":"2023-05-08T22:46:20","modified_gmt":"2023-05-08T20:46:20","slug":"assemblees-generales","status":"publish","type":"page","link":"https:\/\/comite-francais-sciences-historiques.com\/index.php\/assemblees-generales\/","title":{"rendered":"ASSEMBL\u00c9ES G\u00c9N\u00c9RALES"},"content":{"rendered":"\r\n<p><strong>ASSEMBL\u00c9E G\u00c9N\u00c9RALE ORDINAIRE<br \/><\/strong><\/p>\r\n<p>18 mars 2022<br \/>Comit\u00e9 fran\u00e7ais des Sciences historiques\u00a0<br \/>Maison de la Vie Associative et Citoyenne (MVAC) de Ve et VIe Arr.<br \/>4 rue des Ar\u00e8nes, 75005, Paris.<\/p>\r\n<p><a href=\"http:\/\/comite-francais-sciences-historiques.com\/wp-content\/uploads\/2023\/05\/AGO-18-03-2022-CONVOCATION-2.pdf\">T\u00e9l\u00e9charger la convocation<\/a><br \/><a href=\"http:\/\/comite-francais-sciences-historiques.com\/wp-content\/uploads\/2023\/05\/Compte-rendu-AG-.pdf\">T\u00e9l\u00e9charger le PV<\/a><\/p>\r\n<p><strong>ASSEMBL\u00c9E G\u00c9N\u00c9RALE ORDINAIRE<\/strong><\/p>\r\n<p>18 mars 2021<br \/>Comit\u00e9 fran\u00e7ais des Sciences historiques\u00a0<br \/>Maison de la Vie Associative et Citoyenne (MVAC) de Ve et VIe Arr.<br \/>4 rue des Ar\u00e8nes, 75005, Paris.<\/p>\r\n<p><a href=\"http:\/\/comite-francais-sciences-historiques.com\/wp-content\/uploads\/2023\/05\/AGO-18-03-2021-CONVOCATION.pdf\">T\u00e9l\u00e9charger la convocation<\/a><br \/><a href=\"http:\/\/comite-francais-sciences-historiques.com\/wp-content\/uploads\/2021\/05\/AG-du-18-mars-de-la-CFSH-PV.pdf\">T\u00e9l\u00e9charger le PV<\/a><\/p>\r\n<p><strong>ASSEMBL\u00c9E G\u00c9N\u00c9RALE ORDINAIRE<br \/><\/strong>24 janvier 2020<br \/>Comit\u00e9 fran\u00e7ais des Sciences historiques\u00a0<br \/>Maison de la Vie Associative et Citoyenne (MVAC) de Ve et VIe Arr.<br \/>4 rue des Ar\u00e8nes, 75005, Paris.<\/p>\r\n<p><a href=\"http:\/\/comite-francais-sciences-historiques.com\/wp-content\/uploads\/2023\/05\/AGO-24-01-2020-CONVOCATION.pdf\">T\u00e9l\u00e9charger la convocation<\/a><br \/><a href=\"http:\/\/comite-francais-sciences-historiques.com\/wp-content\/uploads\/2020\/12\/PV-AGO-24-janvier-2020.pdf\">T\u00e9l\u00e9charger le PV<\/a><\/p>\r\n<p><strong>ASSEMBL\u00c9E G\u00c9N\u00c9RALE EXTRAORDINAIRE <br \/><\/strong>20 septembre 2018<br \/>Maison de la Recherche de Sorbonne Universit\u00e9 Lettres\u00a016h00-19h00<br \/>Salle D 116<\/p>\r\n<p><a href=\"http:\/\/comite-francais-sciences-historiques.com\/wp-content\/uploads\/2023\/05\/Convocation-AGE-du-CFSH-20-09-2018.pdf\">T\u00e9l\u00e9charger la convocation<\/a><br \/><a href=\"http:\/\/comite-francais-sciences-historiques.com\/wp-content\/uploads\/2020\/12\/PV-AGE-du-CFSH-20-SEPTEMBRE-2018.pdf\">T\u00e9l\u00e9charger le PV<\/a><\/p>\r\n<p><strong>ASSEMBL\u00c9E G\u00c9N\u00c9RALE ORDINAIRE<br \/><\/strong>25 avril 2018 de 16h30 \u00e0 18h30 lors du 143<sup>e<\/sup> congr\u00e8s du Comit\u00e9 des Travaux Historiques et Scientifiques<br \/>\u00e0 l\u2019INALCO (Institut national des langues et civilisations orientales)<br \/>65 rue des Grands moulins, Paris XIII.<\/p>\r\n<p><a href=\"http:\/\/comite-francais-sciences-historiques.com\/wp-content\/uploads\/2023\/05\/Convocation-Assemble\u0301e-ge\u0301ne\u0301rale-du-CFSH-25-AVRIL-2018.pdf\">T\u00e9l\u00e9charger la convocation<\/a><br \/><a href=\"http:\/\/comite-francais-sciences-historiques.com\/wp-content\/uploads\/2020\/12\/PV-AGO-25-AVRIL-2018.pdf\">T\u00e9l\u00e9charger le PV<\/a><\/p>\r\n<p><strong>ASSEMBLEE GENERALE<br \/><\/strong>10 mai 2017 \u00e0 17h45 \u00e0 la Maison de la recherche de l\u2019universit\u00e9 Paris-Sorbonne <br \/>(salle D 116 1<sup>er<\/sup> \u00e9tage, 28, rue Serpente 75006 Paris).<\/p>\r\n<p><a href=\"http:\/\/comite-francais-sciences-historiques.com\/wp-content\/uploads\/2023\/05\/Convocation-AG-CFSH-10-05-2017.pdf\">T\u00e9l\u00e9charger la convocation<\/a><br \/><a href=\"http:\/\/comite-francais-sciences-historiques.com\/wp-content\/uploads\/2020\/12\/PV-AGO-CFSH-10-mai-2017.pdf\">T\u00e9l\u00e9charger le PV<\/a><\/p>\r\n\r\n\r\n\r\n\r\n\r\n\r\n","protected":false},"excerpt":{"rendered":"<p>ASSEMBL\u00c9E G\u00c9N\u00c9RALE ORDINAIRE 18 mars 2022Comit\u00e9 fran\u00e7ais des Sciences historiques\u00a0Maison de la Vie Associative et Citoyenne (MVAC) de Ve et VIe Arr.4 rue des Ar\u00e8nes, 75005, Paris. T\u00e9l\u00e9charger la convocationT\u00e9l\u00e9charger&hellip;<\/p>\n","protected":false},"author":1,"featured_media":0,"parent":0,"menu_order":0,"comment_status":"closed","ping_status":"closed","template":"","meta":[],"_links":{"self":[{"href":"https:\/\/comite-francais-sciences-historiques.com\/index.php\/wp-json\/wp\/v2\/pages\/83"}],"collection":[{"href":"https:\/\/comite-francais-sciences-historiques.com\/index.php\/wp-json\/wp\/v2\/pages"}],"about":[{"href":"https:\/\/comite-francais-sciences-historiques.com\/index.php\/wp-json\/wp\/v2\/types\/page"}],"author":[{"embeddable":true,"href":"https:\/\/comite-francais-sciences-historiques.com\/index.php\/wp-json\/wp\/v2\/users\/1"}],"replies":[{"embeddable":true,"href":"https:\/\/comite-francais-sciences-historiques.com\/index.php\/wp-json\/wp\/v2\/comments?post=83"}],"version-history":[{"count":11,"href":"https:\/\/comite-francais-sciences-historiques.com\/index.php\/wp-json\/wp\/v2\/pages\/83\/revisions"}],"predecessor-version":[{"id":464,"href":"https:\/\/comite-francais-sciences-historiques.com\/index.php\/wp-json\/wp\/v2\/pages\/83\/revisions\/464"}],"wp:attachment":[{"href":"https:\/\/comite-francais-sciences-historiques.com\/index.php\/wp-json\/wp\/v2\/media?parent=83"}],"curies":[{"name":"wp","href":"https:\/\/api.w.org\/{rel}","templated":true}]}}