{"id":80,"date":"2020-12-23T01:52:26","date_gmt":"2020-12-23T00:52:26","guid":{"rendered":"http:\/\/comite-francais-sciences-historiques.com\/?page_id=80"},"modified":"2021-03-18T14:21:22","modified_gmt":"2021-03-18T13:21:22","slug":"statuts-du-comite-francais-des-sciences-historiques","status":"publish","type":"page","link":"https:\/\/comite-francais-sciences-historiques.com\/index.php\/statuts-du-comite-francais-des-sciences-historiques\/","title":{"rendered":"Statuts du Comit\u00e9 fran\u00e7ais des sciences historiques"},"content":{"rendered":"\r\n<p style=\"text-align: center;\">en vigueur depuis le 2 ao\u00fbt 2019<\/p>\r\n\r\n\r\n\r\n<p>Titre 1 \u2013 OBJET ET CONSTITUTION DU COMIT\u00c9<\/p>\r\n\r\n\r\n\r\n<p>Article 1 \u2013 Il est constitu\u00e9, sous le nom de COMIT\u00c9 FRANCAIS DES SCIENCES HISTORIQUES, une repr\u00e9sentation des historiens, historiens de l\u2019art et arch\u00e9ologues fran\u00e7ais group\u00e9s notamment dans des \u00e9tablissements publics ou agr\u00e9\u00e9s, des groupements professionnels, des associations de sp\u00e9cialistes et des f\u00e9d\u00e9rations de soci\u00e9t\u00e9s savantes. Dans ce but, <strong>il est fond\u00e9 entre les adh\u00e9rents aux pr\u00e9sents statuts, une association sans but lucratif \u00e0 dur\u00e9e illimit\u00e9e r\u00e9gie par la loi du 1<sup>er<\/sup> juillet 1901 et par le d\u00e9cret du 16 ao\u00fbt 1901<\/strong>. Le Comit\u00e9 a son si\u00e8ge \u00e0 Paris.<\/p>\r\n\r\n\r\n\r\n<p>Article 2 \u2013 L\u2019activit\u00e9 du Comit\u00e9 a, notamment, pour objet\u00a0:<\/p>\r\n\r\n\r\n\r\n<p>1\u00b0\/ d\u2019\u00e9tablir un lien entre les historiens fran\u00e7ais vou\u00e9s \u00e0 l\u2019enseignement et \u00e0 la recherche afin, notamment, de promouvoir la place de l\u2019histoire dans l\u2019enseignement et la recherche\u00a0;<\/p>\r\n\r\n\r\n\r\n<p>2\u00b0\/ d\u2019assurer la participation de la France aux r\u00e9unions et aux congr\u00e8s de caract\u00e8re international consacr\u00e9s aux sciences historiques et, en particulier, aux Congr\u00e8s Internationaux des Sciences Historiques\u00a0;<\/p>\r\n\r\n\r\n\r\n<p>3\u00b0\/ d\u2019organiser des Congr\u00e8s Nationaux des Sciences Historiques\u00a0;<\/p>\r\n\r\n\r\n\r\n<p>4\u00b0\/ de prendre les initiatives n\u00e9cessaires \u00e0 l\u2019application, en France, des r\u00e9solutions et des recommandations de ces congr\u00e8s nationaux et internationaux\u00a0;<\/p>\r\n\r\n\r\n\r\n<p>5\u00b0\/ de favoriser l\u2019organisation, le d\u00e9veloppement et la diffusion de la recherche historique en France.<\/p>\r\n\r\n\r\n\r\n<p>6\u00b0\/ de fournir un cadre de r\u00e9flexion \u00e0 tout membre individuel int\u00e9ress\u00e9 par les sciences historiques.<\/p>\r\n\r\n\r\n\r\n<p>Titre 2 \u2013 COMPOSITION DU COMIT\u00c9<\/p>\r\n\r\n\r\n\r\n<p>Article 3 \u2013 Le Comit\u00e9 a pour membres\u00a0:<\/p>\r\n\r\n\r\n\r\n<p>1\u00b0\/ les soci\u00e9t\u00e9s et associations nationales sp\u00e9cialis\u00e9es dans les \u00e9tudes historiques et repr\u00e9sentatives de la discipline au sein des \u00e9tablissements et des organismes d\u2019enseignement sup\u00e9rieur et de recherche\u00a0;<\/p>\r\n\r\n\r\n\r\n<p>2\u00b0\/ les soci\u00e9t\u00e9s ou associations professionnelles repr\u00e9sentatives des autres ordres d\u2019enseignement s\u2019occupant d\u2019\u00e9tudes historiques\u00a0 au sein de l\u2019enseignement scolaire ;<\/p>\r\n\r\n\r\n\r\n<p>3\u00b0\/ les associations professionnelles de conservateurs d\u2019archives, de biblioth\u00e8ques et de mus\u00e9es\u00a0;<\/p>\r\n\r\n\r\n\r\n<p>4\u00b0\/ toutes autres institutions, soci\u00e9t\u00e9s ou associations nationales et sp\u00e9cialis\u00e9es dans les \u00e9tudes historiques\u00a0;<\/p>\r\n\r\n\r\n\r\n<p>5\u00b0\/ les f\u00e9d\u00e9rations nationales et r\u00e9gionales de soci\u00e9t\u00e9s savantes\u00a0;<\/p>\r\n\r\n\r\n\r\n<p>6\u00b0\/ tout individu membre ou ancien membre des universit\u00e9s et \u00e9tablissements d\u2019enseignement sup\u00e9rieur et de recherche qualifi\u00e9s par leurs titres et leurs travaux\u00a0;<\/p>\r\n\r\n\r\n\r\n<p>7\u00b0\/ tout individu exer\u00e7ant les fonctions de conservateur d\u2019archives, des biblioth\u00e8ques et de conservateur de mus\u00e9e.<\/p>\r\n\r\n\r\n\r\n<p>Article 4 \u2013 Toute institution, groupement, f\u00e9d\u00e9ration, soci\u00e9t\u00e9 ou association et tout individu d\u00e9sirant faire partie du Comit\u00e9 doit en adresser la demande au pr\u00e9sident appuy\u00e9e par deux membres du Comit\u00e9 \u00e0 jour de leur cotisation.<\/p>\r\n\r\n\r\n\r\n<p>Article 5 \u2013 Lors de son admission au Comit\u00e9, tout groupement, f\u00e9d\u00e9ration, soci\u00e9t\u00e9 ou association devra communiquer ses statuts et, s\u2019il en existe un, son r\u00e8glement int\u00e9rieur audit Comit\u00e9.<\/p>\r\n\r\n\r\n\r\n<p>Titre 3 \u2013 DE L\u2019ASSEMBL\u00c9E G\u00c9N\u00c9RALE<\/p>\r\n\r\n\r\n\r\n<p>Article 6 \u2013 Les organismes d\u00e9sign\u00e9s \u00e0 l\u2019article 3 (1\u00b0 \u00e0 5\u00b0) \u00e9lisent chacun un d\u00e9l\u00e9gu\u00e9 titulaire \u00e0 l\u2019assembl\u00e9e g\u00e9n\u00e9rale. Ils peuvent \u00e9galement d\u00e9signer, chacun, un d\u00e9l\u00e9gu\u00e9 suppl\u00e9ant, qui n\u2019a voix d\u00e9lib\u00e9rative qu\u2019en l\u2019absence du d\u00e9l\u00e9gu\u00e9 titulaire. Un organisme peut mandater le d\u00e9l\u00e9gu\u00e9 d\u2019un autre organisme. Aucun d\u00e9l\u00e9gu\u00e9 ne peut \u00eatre porteur de plus de deux mandats.<\/p>\r\n\r\n\r\n\r\n<p>Article 7 \u2013 La r\u00e9union des membres individuels et des d\u00e9l\u00e9gu\u00e9s des institutions, soci\u00e9t\u00e9s, groupements, f\u00e9d\u00e9rations et associations constitue l\u2019assembl\u00e9e g\u00e9n\u00e9rale du Comit\u00e9\u00a0: elle se r\u00e9unit une fois par an sous forme ordinaire et, chaque\u00a0 fois que de besoin, en assembl\u00e9e g\u00e9n\u00e9rale extraordinaire.<\/p>\r\n\r\n\r\n\r\n<p>Article 8 \u2013 Dans sa r\u00e9union ordinaire annuelle, l\u2019assembl\u00e9e g\u00e9n\u00e9rale entend les rapports qui lui sont faits par le pr\u00e9sident et\/ou le secr\u00e9taire g\u00e9n\u00e9ral sur l\u2019activit\u00e9 du Comit\u00e9 pendant l\u2019ann\u00e9e \u00e9coul\u00e9e et sur les relations avec le Comit\u00e9 International. Elle entend \u00e9galement les rapports qui lui sont pr\u00e9sent\u00e9s par le tr\u00e9sorier et le tr\u00e9sorier adjoint sur l\u2019ex\u00e9cution du budget de l\u2019exercice \u00e9coul\u00e9, sur l\u2019\u00e9tablissement de ce budget pour l\u2019exercice \u00e0 venir et sur le compte financier. Elle d\u00e9lib\u00e8re sur toutes les questions pr\u00e9sent\u00e9es au Comit\u00e9, qui auront \u00e9t\u00e9, au pr\u00e9alable, examin\u00e9es par le bureau restreint. Elle \u00e9lit, pour cinq ans, les membres \u00e9lus du bureau \u00e9largi. Toute personne \u00e9lue exerce son mandat pendant cinq ans. Si elle ne l\u2019exerce pas, l\u2019assembl\u00e9e g\u00e9n\u00e9rale proc\u00e8de \u00e0 une nouvelle \u00e9lection.<\/p>\r\n\r\n\r\n\r\n<p>Article 9 \u2013 Tout membre peut se faire repr\u00e9senter par un autre membre \u00e0 jour de sa cotisation. Nul membre ne peut \u00eatre porteur de plus de deux procurations. L\u2019assembl\u00e9e g\u00e9n\u00e9rale ordinaire peut valablement d\u00e9lib\u00e9rer quel que soit le nombre de membres pr\u00e9sents et repr\u00e9sent\u00e9s. Les d\u00e9cisions sont prises \u00e0 la majorit\u00e9 simple des membres pr\u00e9sents et repr\u00e9sent\u00e9s.<\/p>\r\n\r\n\r\n\r\n<p>Article 10 &#8211; \u00a0En dehors de l\u2019assembl\u00e9e g\u00e9n\u00e9rale ordinaire annuelle, il est possible au Pr\u00e9sident de convoquer une ou plusieurs assembl\u00e9es g\u00e9n\u00e9rales extraordinaires, cette convocation devant \u00eatre soumise, au pr\u00e9alable, \u00e0 l\u2019approbation du bureau restreint. Dans le cas des assembl\u00e9es g\u00e9n\u00e9rales extraordinaires \u00e0 vocation statutaire, toute modification du statut requiert une majorit\u00e9 des deux-tiers de tous les adh\u00e9rents (individuels \u00e0 jour de leur cotisation et institutions membres du bureau \u00e9largi).<\/p>\r\n\r\n\r\n\r\n<p>Article 11 &#8211;\u00a0 Sur proposition du pr\u00e9sident, un r\u00e8glement int\u00e9rieur peut \u00eatre \u00e9tabli par le bureau restreint, qui le soumet \u00e0 l\u2019assembl\u00e9e g\u00e9n\u00e9rale ordinaire apr\u00e8s consultation du bureau \u00e9largi et de la commission permanente. Ce r\u00e8glement est destin\u00e9 \u00e0 fixer les divers points non pr\u00e9vus par les statuts et, notamment, ceux ayant trait \u00e0 l\u2019administration du Comit\u00e9 Fran\u00e7ais des Sciences Historiques.<\/p>\r\n\r\n\r\n\r\n<p>Article 12 \u2013 Les anciens pr\u00e9sidents ayant exerc\u00e9 la pr\u00e9sidence pendant deux ans au moins peuvent recevoir le titre de pr\u00e9sident honoraire pour cinq ans et, en cette qualit\u00e9, font partie de l\u2019assembl\u00e9e g\u00e9n\u00e9rale. S\u2019ils sont \u00e0 jour de leur cotisation individuelle, ils y disposeront du droit de vote et pourront si\u00e9ger au bureau \u00e9largi.<\/p>\r\n\r\n\r\n\r\n<p>Titre 4 \u2013 DU BUREAU RESTREINT<\/p>\r\n\r\n\r\n\r\n<p>Article 13 &#8211;\u00a0 Le bureau restreint est compos\u00e9 de cinq membres\u00a0:<\/p>\r\n\r\n\r\n\r\n<ul>\r\n<li>le pr\u00e9sident du Comit\u00e9 Fran\u00e7ais des Sciences Historiques<\/li>\r\n<li>le secr\u00e9taire g\u00e9n\u00e9ral du Comit\u00e9 Fran\u00e7ais des Sciences Historiques<\/li>\r\n<li>un secr\u00e9taire g\u00e9n\u00e9ral adjoint<\/li>\r\n<li>un tr\u00e9sorier<\/li>\r\n<li>un tr\u00e9sorier adjoint<\/li>\r\n<\/ul>\r\n\r\n\r\n\r\n<p>Le bureau restreint est \u00e9lu pour cinq ans. Les membres du bureau restreint sont r\u00e9\u00e9ligibles.<\/p>\r\n\r\n\r\n\r\n<p>Article 14 &#8211; Sur proposition du pr\u00e9sident, le bureau restreint fixe la date des r\u00e9unions des assembl\u00e9es g\u00e9n\u00e9rales ordinaires. Il pr\u00e9pare un rapport moral annuel \u00e9tabli par le pr\u00e9sident avec l\u2019aide du secr\u00e9taire g\u00e9n\u00e9ral et du secr\u00e9taire g\u00e9n\u00e9ral adjoint\u00a0 ainsi qu\u2019un rapport financier \u00e9tabli par le tr\u00e9sorier avec l\u2019aide du tr\u00e9sorier adjoint.<\/p>\r\n\r\n\r\n\r\n<p>Article 15 &#8211; Le bureau restreint pr\u00e9pare le compte financier, examine les demandes d\u2019admissions \u00e0 soumettre \u00e0 l\u2019assembl\u00e9e g\u00e9n\u00e9rale, propose au bureau \u00e9largi les d\u00e9l\u00e9gu\u00e9s du Comit\u00e9 Fran\u00e7ais au Comit\u00e9 International. D\u2019une fa\u00e7on g\u00e9n\u00e9rale, le bureau restreint examine toutes les questions que les membres lui soumettent et transmet, s\u2019il le juge n\u00e9cessaire, la question envisag\u00e9e \u00e0 l\u2019\u2019assembl\u00e9e g\u00e9n\u00e9rale. Le bureau restreint examine aussi les questions que les organismes membres du comit\u00e9 demandent \u00e0 pr\u00e9senter \u00e0 l\u2019assembl\u00e9e g\u00e9n\u00e9rale.<\/p>\r\n\r\n\r\n\r\n<p>Article \u00a016 \u2013 Le bureau restreint fixe la date des r\u00e9unions du bureau \u00e9largi, en d\u00e9termine et en pr\u00e9pare l\u2019ordre du jour. Il est inform\u00e9 r\u00e9guli\u00e8rement de la gestion du tr\u00e9sorier.<\/p>\r\n\r\n\r\n\r\n<p>Article 17 \u2013 Le pr\u00e9sident ordonne les d\u00e9penses. Le tr\u00e9sorier ou, \u00e0 d\u00e9faut, le tr\u00e9sorier adjoint effectuent les paiements ordonnanc\u00e9s par le pr\u00e9sident et, d\u2019une mani\u00e8re g\u00e9n\u00e9rale, g\u00e8rent les fonds du comit\u00e9, gestion dont ils doivent rendre compte au bureau restreint et \u00e0 l\u2019assembl\u00e9e g\u00e9n\u00e9rale.<\/p>\r\n\r\n\r\n\r\n<p>Article 18 &#8211; Le pr\u00e9sident ou, sur d\u00e9l\u00e9gation expresse du pr\u00e9sident, le secr\u00e9taire g\u00e9n\u00e9ral repr\u00e9sentent le Comit\u00e9 en justice et dans tous les actes de la vie civile. Le pr\u00e9sident veille au maintien et \u00e0 l\u2019ex\u00e9cution des statuts.<\/p>\r\n\r\n\r\n\r\n<p>Article 19 \u2013 En cas de partage \u00e9gal des voix et dans chacune des instances du Comit\u00e9 Fran\u00e7ais des Sciences Historiques (assembl\u00e9e g\u00e9n\u00e9rale, bureau \u00e9largi, bureau restreint), le pr\u00e9sident de ce m\u00eame Comit\u00e9 b\u00e9n\u00e9ficie d\u2019une voix pr\u00e9pond\u00e9rante.<\/p>\r\n\r\n\r\n\r\n<p>Article 20 \u2013 Le secr\u00e9taire g\u00e9n\u00e9ral ou, \u00e0 d\u00e9faut, le secr\u00e9taire g\u00e9n\u00e9ral adjoint, sont charg\u00e9s de la correspondance. Ils r\u00e9digent les proc\u00e8s-verbaux des s\u00e9ances de l\u2019assembl\u00e9e g\u00e9n\u00e9rale, de la commission permanente, du bureau \u00e9largi et du bureau restreint. Ils sont charg\u00e9s des archives. Chaque fois que n\u00e9cessaire, le secr\u00e9taire g\u00e9n\u00e9ral est remplac\u00e9, dans ses attributions, par le secr\u00e9taire g\u00e9n\u00e9ral adjoint.<\/p>\r\n\r\n\r\n\r\n<p>Titre 5\u2013 DU BUREAU \u00c9LARGI<\/p>\r\n\r\n\r\n\r\n<p>Article 21 &#8211;\u00a0 Le bureau \u00e9largi est compos\u00e9 des membres suivants\u00a0:<\/p>\r\n\r\n\r\n\r\n<ul>\r\n<li>le pr\u00e9sident du Comit\u00e9 Fran\u00e7ais des Sciences Historiques<\/li>\r\n<li>deux vice-pr\u00e9sidents \u00e9lus pour cinq ans par l\u2019assembl\u00e9e g\u00e9n\u00e9rale ordinaire<\/li>\r\n<li>les quatre pr\u00e9sidents des associations de sp\u00e9cialistes (ou de leurs d\u00e9l\u00e9gu\u00e9s respectifs) repr\u00e9sentant chacune une des quatre p\u00e9riodes de l\u2019histoire<\/li>\r\n<li>le pr\u00e9sident de l\u2019Association des Professeurs d\u2019Histoire et de G\u00e9ographie (APHG) ou son repr\u00e9sentant<\/li>\r\n<li>le secr\u00e9taire g\u00e9n\u00e9ral du Comit\u00e9 Fran\u00e7ais des Sciences Historiques<\/li>\r\n<li>le secr\u00e9taire g\u00e9n\u00e9ral adjoint du Comit\u00e9<\/li>\r\n<li>le tr\u00e9sorier du Comit\u00e9<\/li>\r\n<li>le tr\u00e9sorier adjoint du Comit\u00e9<\/li>\r\n<li>un membre du comit\u00e9 en charge de la communication du comit\u00e9 et, notamment, du site web et des nouvelles technologies<\/li>\r\n<\/ul>\r\n\r\n\r\n\r\n<p>soit treize membres au total.<\/p>\r\n\r\n\r\n\r\n<p>\u00c0 ces treize membres statutaires peuvent s\u2019ajouter,\u00a0s\u2019ils sont \u00e0 jour de leur cotisation individuelle, les anciens pr\u00e9sidents du Comit\u00e9 Fran\u00e7ais des Sciences Historiques ayant le titre de pr\u00e9sident honoraire. Le doyen d\u2019\u00e2ge des deux vice-pr\u00e9sidents assure la fonction de pr\u00e9sident en cas d\u2019emp\u00eachement de ce dernier.<\/p>\r\n\r\n\r\n\r\n<p>Article 21 \u2013 Le bureau \u00e9largi se r\u00e9unit au moins deux fois par an, au moins une fois avant l\u2019assembl\u00e9e g\u00e9n\u00e9rale ordinaire et au moins une fois apr\u00e8s ou, de fa\u00e7on exceptionnelle, \u00e0 la demande du pr\u00e9sident du Comit\u00e9 Fran\u00e7ais des Sciences Historiques. Obligatoirement consult\u00e9 sur l\u2019\u00e9tablissement ou sur toutes les modifications apport\u00e9es au r\u00e8glement int\u00e9rieur, il donne un avis sur l\u2019ordre du jour de l\u2019assembl\u00e9e g\u00e9n\u00e9rale ordinaire. Il est r\u00e9guli\u00e8rement inform\u00e9 de l\u2019activit\u00e9 du Comit\u00e9 Fran\u00e7ais et de la gestion du tr\u00e9sorier. Il est aussi obligatoirement consult\u00e9 sur le nom des d\u00e9l\u00e9gu\u00e9s du Comit\u00e9 Fran\u00e7ais au Comit\u00e9 International des Sciences Historiques. D\u2019une fa\u00e7on g\u00e9n\u00e9rale, le bureau \u00e9largi donne un avis sur toutes les questions que ses adh\u00e9rents soumettent au Comit\u00e9 Fran\u00e7ais et aussi sur celles que les organismes membres du comit\u00e9 demandent \u00e0 pr\u00e9senter \u00e0 l\u2019assembl\u00e9e g\u00e9n\u00e9rale. Il peut inviter toutes toute autre personnalit\u00e9 dont la collaboration serait jug\u00e9e souhaitable soit au titre de l\u2019institution qu\u2019il repr\u00e9sente, soit au titre de ses qualifications et comp\u00e9tences propres, notamment le Doyen de l\u2019Inspection g\u00e9n\u00e9rale d\u2019histoire et de g\u00e9ographie (ou son repr\u00e9sentant) et le Directeur g\u00e9n\u00e9ral des Archives de France (ou son repr\u00e9sentant).<\/p>\r\n\r\n\r\n\r\n<p>Titre 5 \u2013 RESSOURCES<\/p>\r\n\r\n\r\n\r\n<p>Article 22 &#8211;\u00a0 Les ressources du Comit\u00e9 sont constitu\u00e9es par les cotisations pay\u00e9es par les membres individuels, les organismes membres et par les dons et subventions accord\u00e9es au comit\u00e9. Le montant annuel de ces cotisations est fix\u00e9 par l\u2019assembl\u00e9e g\u00e9n\u00e9rale.<\/p>\r\n\r\n\r\n\r\n<p>Titre 6 \u2013 CONTENTIEUX<\/p>\r\n\r\n\r\n\r\n<p>Article 23 \u2013 Toutes les contestations relatives \u00e0 l\u2019association d\u00e9nomm\u00e9e Comit\u00e9 Fran\u00e7ais des Sciences Historiques sont port\u00e9es devant les juridictions comp\u00e9tentes. Tous pouvoirs seront donn\u00e9s au pr\u00e9sident du Comit\u00e9 pour effectuer les insertions l\u00e9gales et toutes les formalit\u00e9s n\u00e9cessaires.<\/p>\r\n","protected":false},"excerpt":{"rendered":"<p>en vigueur depuis le 2 ao\u00fbt 2019 Titre 1 \u2013 OBJET ET CONSTITUTION DU COMIT\u00c9 Article 1 \u2013 Il est constitu\u00e9, sous le nom de COMIT\u00c9 FRANCAIS DES SCIENCES HISTORIQUES,&hellip;<\/p>\n","protected":false},"author":1,"featured_media":0,"parent":0,"menu_order":0,"comment_status":"closed","ping_status":"closed","template":"","meta":[],"_links":{"self":[{"href":"https:\/\/comite-francais-sciences-historiques.com\/index.php\/wp-json\/wp\/v2\/pages\/80"}],"collection":[{"href":"https:\/\/comite-francais-sciences-historiques.com\/index.php\/wp-json\/wp\/v2\/pages"}],"about":[{"href":"https:\/\/comite-francais-sciences-historiques.com\/index.php\/wp-json\/wp\/v2\/types\/page"}],"author":[{"embeddable":true,"href":"https:\/\/comite-francais-sciences-historiques.com\/index.php\/wp-json\/wp\/v2\/users\/1"}],"replies":[{"embeddable":true,"href":"https:\/\/comite-francais-sciences-historiques.com\/index.php\/wp-json\/wp\/v2\/comments?post=80"}],"version-history":[{"count":2,"href":"https:\/\/comite-francais-sciences-historiques.com\/index.php\/wp-json\/wp\/v2\/pages\/80\/revisions"}],"predecessor-version":[{"id":250,"href":"https:\/\/comite-francais-sciences-historiques.com\/index.php\/wp-json\/wp\/v2\/pages\/80\/revisions\/250"}],"wp:attachment":[{"href":"https:\/\/comite-francais-sciences-historiques.com\/index.php\/wp-json\/wp\/v2\/media?parent=80"}],"curies":[{"name":"wp","href":"https:\/\/api.w.org\/{rel}","templated":true}]}}