{"id":66,"date":"2020-12-23T01:38:59","date_gmt":"2020-12-23T00:38:59","guid":{"rendered":"http:\/\/comite-francais-sciences-historiques.com\/?page_id=66"},"modified":"2023-05-06T15:49:06","modified_gmt":"2023-05-06T13:49:06","slug":"bureau-elargi","status":"publish","type":"page","link":"https:\/\/comite-francais-sciences-historiques.com\/index.php\/bureau-elargi\/","title":{"rendered":"Bureau \u00e9largi et restreint"},"content":{"rendered":"\r\n<h2 style=\"text-align: center;\">Bureau \u00e9largi<br \/><strong>Composition au 9 d\u00e9cembre 2020<\/strong><\/h2>\r\n\r\n\r\n\r\n<p><strong>Pr\u00e9sident\u00a0<\/strong>: Dominique Barjot\u00a0: <a href=\"mailto:dom.barjot@orange.fr\">dom.barjot@orange.fr<\/a> et <a href=\"barjotdominique4@gmail.com\">barjotdominique4@gmail.com<\/a><\/p>\r\n\r\n\r\n\r\n<p><strong>Secr\u00e9taire g\u00e9n\u00e9ral\u00a0:<\/strong>Bertrand Haan : <a href=\"mailto:Bertrand.Haan@sorbonne-universite.fr\">Bertrand.Haan@sorbonne-universite.fr<\/a><\/p>\r\n\r\n\r\n\r\n<p><strong>Tr\u00e9sorier\u00a0<\/strong>: Thierry Claeys : <a href=\"thierryclaeys01@gmail.com\">thierryclaeys01@gmail.com<\/a><\/p>\r\n\r\n\r\n\r\n<p><strong>Antiquit\u00e9 (SOPHAU)<\/strong> &#8211; <a href=\"http:\/\/sophau.univ-fcomte.fr\/\">http:\/\/sophau.univ-fcomte.fr\/\u00a0<\/a><\/p>\r\n\r\n\r\n\r\n<p><strong>Histoire m\u00e9di\u00e9vale (SHMESP) &#8211; <\/strong><a href=\"http:\/\/www.shmesp.fr\/\">http:\/\/www.shmesp.fr\/<\/a><\/p>\r\n\r\n\r\n\r\n<p><strong>Histoire moderne (AHMUF) &#8211; <\/strong><a href=\"https:\/\/ahmuf.hypotheses.org\/\">https:\/\/ahmuf.hypotheses.org\/<\/a><\/p>\r\n\r\n\r\n\r\n<p><strong>Histoire contemporaine (AHCESR) &#8211; <\/strong><a href=\"https:\/\/ahcesr.hypotheses.org\/\">https:\/\/ahcesr.hypotheses.org\/<\/a><\/p>\r\n\r\n\r\n\r\n<p><strong>Association des Professeurs d\u2019Histoire et de G\u00e9ographie\u00a0 (APHG) &#8211; <\/strong><a href=\"https:\/\/www.aphg.fr\/\">https:\/\/www.aphg.fr\/<\/a><\/p>\r\n\r\n\r\n\r\n<p><strong>Membre du CFSH en charge de la communication du comit\u00e9, du site web et des nouvelles technologies\u00a0:<\/strong>Yvan Combeau\u00a0: <a href=\"mailto:yvan.combeau@univ-reunion.fr\">yvan.combeau@univ-reunion.fr<\/a> ou <a href=\"mailto:yvancombeau@orange.fr\" target=\"_blank\" rel=\"noreferrer noopener\">yvancombeau@orange.fr<\/a><\/p>\r\n\r\n\r\n\r\n<p><strong>Pr\u00e9sident d\u2019honneur du CFSH\u00a0:<\/strong>Jean-Fran\u00e7ois Sirinelli\u00a0: <a href=\"jean-francois.sirinelli@sciencespo.fr\">jean-francois.sirinelli@sciencespo.fr<\/a><\/p>\r\n\r\n\r\n\r\n<h2 style=\"text-align: center;\">Bureau restreint<br \/><strong>Composition au 9 d\u00e9cembre 2020<\/strong><\/h2>\r\n\r\n\r\n\r\n<p><strong>Pr\u00e9sident\u00a0<\/strong>: Dominique Barjot\u00a0: <a href=\"mailto:dom.barjot@orange.fr\">dom.barjot@orange.fr<\/a> et <a href=\"barjotdominique4@gmail.com\">barjotdominique4@gmail.com<\/a><\/p>\r\n\r\n\r\n\r\n<p><strong>Secr\u00e9taire g\u00e9n\u00e9ral\u00a0:<\/strong>Bertrand Haan : <a href=\"Bertrand.Haan@sorbonne-universite.fr\">Bertrand.Haan@sorbonne-universite.fr<\/a><\/p>\r\n\r\n\r\n\r\n<p><strong>Tr\u00e9sorier\u00a0<\/strong>: Thierry Claeys : <a href=\"thierryclaeys01@gmail.com\">thierryclaeys01@gmail.com<\/a><\/p>\r\n","protected":false},"excerpt":{"rendered":"<p>Bureau \u00e9largiComposition au 9 d\u00e9cembre 2020 Pr\u00e9sident\u00a0: Dominique Barjot\u00a0: dom.barjot@orange.fr et barjotdominique4@gmail.com Secr\u00e9taire g\u00e9n\u00e9ral\u00a0:Bertrand Haan : Bertrand.Haan@sorbonne-universite.fr Tr\u00e9sorier\u00a0: Thierry Claeys : thierryclaeys01@gmail.com Antiquit\u00e9 (SOPHAU) &#8211; http:\/\/sophau.univ-fcomte.fr\/\u00a0 Histoire m\u00e9di\u00e9vale (SHMESP) &#8211;&hellip;<\/p>\n","protected":false},"author":1,"featured_media":0,"parent":0,"menu_order":0,"comment_status":"closed","ping_status":"closed","template":"","meta":[],"_links":{"self":[{"href":"https:\/\/comite-francais-sciences-historiques.com\/index.php\/wp-json\/wp\/v2\/pages\/66"}],"collection":[{"href":"https:\/\/comite-francais-sciences-historiques.com\/index.php\/wp-json\/wp\/v2\/pages"}],"about":[{"href":"https:\/\/comite-francais-sciences-historiques.com\/index.php\/wp-json\/wp\/v2\/types\/page"}],"author":[{"embeddable":true,"href":"https:\/\/comite-francais-sciences-historiques.com\/index.php\/wp-json\/wp\/v2\/users\/1"}],"replies":[{"embeddable":true,"href":"https:\/\/comite-francais-sciences-historiques.com\/index.php\/wp-json\/wp\/v2\/comments?post=66"}],"version-history":[{"count":19,"href":"https:\/\/comite-francais-sciences-historiques.com\/index.php\/wp-json\/wp\/v2\/pages\/66\/revisions"}],"predecessor-version":[{"id":362,"href":"https:\/\/comite-francais-sciences-historiques.com\/index.php\/wp-json\/wp\/v2\/pages\/66\/revisions\/362"}],"wp:attachment":[{"href":"https:\/\/comite-francais-sciences-historiques.com\/index.php\/wp-json\/wp\/v2\/media?parent=66"}],"curies":[{"name":"wp","href":"https:\/\/api.w.org\/{rel}","templated":true}]}}