{"id":59,"date":"2020-12-23T01:32:01","date_gmt":"2020-12-23T00:32:01","guid":{"rendered":"http:\/\/comite-francais-sciences-historiques.com\/?page_id=59"},"modified":"2023-05-08T22:45:57","modified_gmt":"2023-05-08T20:45:57","slug":"le-comite-francais-des-sciences-historiques-cfsh","status":"publish","type":"page","link":"https:\/\/comite-francais-sciences-historiques.com\/index.php\/le-comite-francais-des-sciences-historiques-cfsh\/","title":{"rendered":"Le Comit\u00e9 fran\u00e7ais des sciences historiques (CFSH)"},"content":{"rendered":"\r\n<p>Le\u00a0<strong>Comit\u00e9 fran\u00e7ais des sciences historiques<\/strong>\u00a0(CFSH), selon ses statuts, a pour mission d&rsquo;\u00e9tablir un lien entre les historiens fran\u00e7ais vou\u00e9s \u00e0 l&rsquo;enseignement et \u00e0 la recherche. Il assure la participation de la France aux r\u00e9unions et aux congr\u00e8s d&rsquo;un caract\u00e8re international consacr\u00e9s aux sciences historiques.<\/p>\r\n\r\n\r\n\r\n<p>Historique<\/p>\r\n\r\n\r\n\r\n<p>Le Comit\u00e9 fran\u00e7ais des sciences historiques est cr\u00e9\u00e9 en 1926. Plusieurs historiens fran\u00e7ais d\u00e9cident de doter la France d&rsquo;un organisme charg\u00e9 de la repr\u00e9senter lors des diff\u00e9rents congr\u00e8s internationaux de la discipline, de participer \u00e0 l&rsquo;\u00e9laboration des diff\u00e9rentes m\u00e9thodes et normes historiques et de contribuer ainsi \u00e0 la promotion des sciences historiques.<\/p>\r\n\r\n\r\n\r\n<p>Le cinqui\u00e8me congr\u00e8s international des sciences historiques \u2014\u00a0le premier apr\u00e8s la\u00a0<a href=\"https:\/\/fr.wikipedia.org\/wiki\/Premi%C3%A8re_Guerre_mondiale\">guerre<\/a>\u00a0\u2014 tenu \u00e0 Bruxelles en 1923 sous l&rsquo;\u00e9gide de l&rsquo;historien belge\u00a0<a href=\"https:\/\/fr.wikipedia.org\/wiki\/Henri_Pirenne\">Henri Pirenne<\/a>\u00a0suscite chez les historiens le souhait de renouer avec le dialogue scientifique international.<\/p>\r\n\r\n\r\n\r\n<p>En 1924, l&rsquo;hell\u00e9niste\u00a0<a href=\"https:\/\/fr.wikipedia.org\/wiki\/Th%C3%A9ophile_Homolle\">Th\u00e9ophile Homolle<\/a>, l&rsquo;un des pr\u00e9sidents du congr\u00e8s de\u00a0<a href=\"https:\/\/fr.wikipedia.org\/wiki\/Bruxelles\">Bruxelles<\/a>, prend l&rsquo;initiative de regrouper les savants fran\u00e7ais sp\u00e9cialis\u00e9s dans les \u00e9tudes historiques. Un premier comit\u00e9 d&rsquo;action est cr\u00e9\u00e9 dont la premi\u00e8re assembl\u00e9e g\u00e9n\u00e9rale se tient en 1925. Cette assembl\u00e9e approuve \u00e0 l&rsquo;unanimit\u00e9 la constitution du\u00a0<em>Comit\u00e9 national fran\u00e7ais des sciences historiques<\/em>. La mort de Th\u00e9ophile Homolle, le\u00a013 juin 1925, en retarde la mise en \u0153uvre. C&rsquo;est l&rsquo;historien de la Gr\u00e8ce ancienne,\u00a0<a href=\"https:\/\/fr.wikipedia.org\/wiki\/Gustave_Glotz\">Gustave Glotz<\/a>\u00a0qui pr\u00e9side le premier bureau le\u00a09 avril 1926.<\/p>\r\n\r\n\r\n\r\n<p>Les archives du CFSH sont d\u00e9pos\u00e9es aux archives nationales de France. <br \/>Consulter : <a href=\"https:\/\/francearchives.gouv.fr\/findingaid\/7b93ed5ac7d55ed648970c8565b6559849d35e7c\">en ligne<\/a> et en <a href=\"http:\/\/comite-francais-sciences-historiques.com\/wp-content\/uploads\/2023\/05\/2-Fonds-du-comite\u0301-franc\u0327ais-des-sciences-historiques-CFSH-1929-2001.pdf\">document annexe<\/a>.<\/p>\r\n\r\n\r\n\r\n<p>Missions et statuts<\/p>\r\n\r\n\r\n\r\n<p>Le\u00a0CFSH\u00a0favorise l&rsquo;organisation et le d\u00e9veloppement de la recherche historique. Le\u00a0CFSH\u00a0est membre du Comit\u00e9 international des sciences historiques (CISH), cr\u00e9\u00e9 sous l&rsquo;\u00e9gide de la\u00a0<a href=\"https:\/\/fr.wikipedia.org\/wiki\/Soci%C3%A9t%C3%A9_des_Nations\">Soci\u00e9t\u00e9 des Nations<\/a>\u00a0dont le\u00a0CFSH\u00a0est le correspondant officiel.<\/p>\r\n\r\n\r\n\r\n<p>Depuis sa cr\u00e9ation, le\u00a0CFSH\u00a0participe aux congr\u00e8s internationaux et assembl\u00e9es g\u00e9n\u00e9rales du\u00a0CISH<a href=\"https:\/\/fr.wikipedia.org\/wiki\/Comit%C3%A9_fran%C3%A7ais_des_sciences_historiques#cite_note-1\"><sup>1<\/sup><\/a>\u00a0donnant ainsi aux historiens fran\u00e7ais la possibilit\u00e9 de pr\u00e9senter leurs travaux devant l&rsquo;ensemble de la communaut\u00e9 internationale de la discipline historique.<\/p>\r\n\r\n\r\n\r\n<p>Dirigeants<\/p>\r\n\r\n\r\n\r\n<p><strong>Pr\u00e9sidents<\/strong><\/p>\r\n\r\n\r\n\r\n<table class=\"wp-block-table\">\r\n<tbody>\r\n<tr>\r\n<td><strong>Nom<\/strong><\/td>\r\n<td><strong>P\u00e9riode<\/strong><\/td>\r\n<td><strong>Nom<\/strong><\/td>\r\n<td><strong>P\u00e9riode<\/strong><\/td>\r\n<td><strong>Nom<\/strong><\/td>\r\n<td><strong>P\u00e9riode<\/strong><\/td>\r\n<td><strong>Nom<\/strong><\/td>\r\n<td><strong>P\u00e9riode<\/strong><\/td>\r\n<\/tr>\r\n<tr>\r\n<td><a href=\"https:\/\/fr.wikipedia.org\/wiki\/Gustave_Glotz\">Gustave Glotz<\/a><\/td>\r\n<td>1926-1929<\/td>\r\n<td><a href=\"https:\/\/fr.wikipedia.org\/wiki\/Alfred_Coville\">Alfred Coville<\/a><\/td>\r\n<td>1929-1940<\/td>\r\n<td><a href=\"https:\/\/fr.wikipedia.org\/wiki\/Charles_Petit-Dutaillis\">Charles Petit-Dutaillis<\/a><\/td>\r\n<td>1945-1946<\/td>\r\n<td><a href=\"https:\/\/fr.wikipedia.org\/wiki\/Robert_Fawtier\">Robert Fawtier<\/a><\/td>\r\n<td>1946-1952<\/td>\r\n<\/tr>\r\n<tr>\r\n<td><a href=\"https:\/\/fr.wikipedia.org\/wiki\/Lucien_Febvre\">Lucien Febvre<\/a><\/td>\r\n<td>1952-1956<\/td>\r\n<td><a href=\"https:\/\/fr.wikipedia.org\/wiki\/Yves_Renouard\">Yves Renouard<\/a><\/td>\r\n<td>1956-1965<\/td>\r\n<td><a href=\"https:\/\/fr.wikipedia.org\/wiki\/Jean_Schneider_(m%C3%A9di%C3%A9viste)\">Jean Schneider<\/a><\/td>\r\n<td>1965-1971<\/td>\r\n<td><a href=\"https:\/\/fr.wikipedia.org\/wiki\/Roland_Mousnier\">Roland Mousnier<\/a><\/td>\r\n<td>1971-1975<\/td>\r\n<\/tr>\r\n<tr>\r\n<td><a href=\"https:\/\/fr.wikipedia.org\/wiki\/Michel_Dev%C3%A8ze_(homme_politique,_1914-1979)\">Michel Dev\u00e8ze<\/a><\/td>\r\n<td>1976-1980<\/td>\r\n<td><a href=\"https:\/\/fr.wikipedia.org\/wiki\/Ren%C3%A9_Girault\">Ren\u00e9 Girault<\/a><\/td>\r\n<td>1980<\/td>\r\n<td><a href=\"https:\/\/fr.wikipedia.org\/wiki\/Robert-Henri_Bautier\">Robert-Henri Bautier<\/a><\/td>\r\n<td>1981-1985<\/td>\r\n<td><a href=\"https:\/\/www.lemonde.fr\/archives\/article\/2004\/08\/12\/paul-gerbod-historien-des-pratiques-culturelles_375275_1819218.html\">Paul Gerbod<\/a><\/td>\r\n<td>1986-1990<\/td>\r\n<\/tr>\r\n<tr>\r\n<td><a href=\"https:\/\/fr.wikipedia.org\/wiki\/Yves-Marie_Berc%C3%A9\">Yves-Marie Berc\u00e9<\/a><\/td>\r\n<td>1991-1995<\/td>\r\n<td><a href=\"https:\/\/fr.wikipedia.org\/wiki\/Michel_Balard\">Michel Balard<\/a><\/td>\r\n<td>1996-2000<\/td>\r\n<td><a href=\"https:\/\/fr.wikipedia.org\/wiki\/Jean-Fran%C3%A7ois_Sirinelli\">Jean-Fran\u00e7ois Sirinelli<\/a><\/td>\r\n<td>2000-2017<\/td>\r\n<td><a href=\"https:\/\/fr.wikipedia.org\/wiki\/Dominique_Barjot\">Dominique Barjot<\/a><\/td>\r\n<td>2017<\/td>\r\n<\/tr>\r\n<\/tbody>\r\n<\/table>\r\n\r\n\r\n\r\n<p><strong>Secr\u00e9taires g\u00e9n\u00e9raux<\/strong>[<a href=\"https:\/\/fr.wikipedia.org\/w\/index.php?title=Comit%C3%A9_fran%C3%A7ais_des_sciences_historiques&amp;veaction=edit&amp;section=5\">modifier<\/a>\u00a0|\u00a0<a href=\"https:\/\/fr.wikipedia.org\/w\/index.php?title=Comit%C3%A9_fran%C3%A7ais_des_sciences_historiques&amp;action=edit&amp;section=5\">modifier le code<\/a>]<\/p>\r\n<table class=\"wikitable alternance\">\r\n<tbody>\r\n<tr>\r\n<th scope=\"col\">Nom<\/th>\r\n<th scope=\"col\">P\u00e9riode<\/th>\r\n<th>\u00a0<\/th>\r\n<th scope=\"col\">Nom<\/th>\r\n<th scope=\"col\">P\u00e9riode<\/th>\r\n<th>\u00a0<\/th>\r\n<th scope=\"col\">Nom<\/th>\r\n<th scope=\"col\">P\u00e9riode<\/th>\r\n<th>\u00a0<\/th>\r\n<th scope=\"col\">Nom<\/th>\r\n<th scope=\"col\">P\u00e9riode<\/th>\r\n<\/tr>\r\n<tr>\r\n<td><a title=\"Didier Ozanam\" href=\"https:\/\/fr.wikipedia.org\/wiki\/Didier_Ozanam\">Didier Ozanam<\/a><\/td>\r\n<td>1952-1958<\/td>\r\n<td>\u00a0<\/td>\r\n<td><a href=\"https:\/\/fr.wikipedia.org\/wiki\/Jean_Gl%C3%A9nisson\">Jean Glenisson<\/a><\/td>\r\n<td>1959-1971<\/td>\r\n<td>\u00a0<\/td>\r\n<td><a title=\"Fran\u00e7oise Hildesheimer\" href=\"https:\/\/fr.wikipedia.org\/wiki\/Fran%C3%A7oise_Hildesheimer\">Fran\u00e7oise Hildesheimer<\/a><\/td>\r\n<td>1981-1985<\/td>\r\n<td>\u00a0<\/td>\r\n<td>Jean-Pierre Brunterc&rsquo;h<\/td>\r\n<td>1986-1990<\/td>\r\n<\/tr>\r\n<tr>\r\n<td>Ghislain Brunel<\/td>\r\n<td>1991-1995<\/td>\r\n<td>\u00a0<\/td>\r\n<td><a title=\"Bruno Galland\" href=\"https:\/\/fr.wikipedia.org\/wiki\/Bruno_Galland\">Bruno Galland<\/a><\/td>\r\n<td>1996-2000 et<br \/>2001-2005<\/td>\r\n<td>\u00a0<\/td>\r\n<td><a title=\"Pascal Cauchy\" href=\"https:\/\/fr.wikipedia.org\/wiki\/Pascal_Cauchy\">Pascal Cauchy<\/a><\/td>\r\n<td>2006-2019<\/td>\r\n<td>\u00a0<\/td>\r\n<td><a href=\"https:\/\/lettres.sorbonne-universite.fr\/sites\/default\/files\/media\/2020-04\/Haan%20Bertrand%20CV%202018-10-27.pdf\">Bertrand Haan<\/a><\/td>\r\n<td>2019-<\/td>\r\n<\/tr>\r\n<\/tbody>\r\n<\/table>\r\n\r\n\r\n\r\n\r\n\r\n<p>Activit\u00e9s r\u00e9centes<\/p>\r\n\r\n\r\n\r\n<p><strong>Congr\u00e8s<\/strong><\/p>\r\n\r\n\r\n\r\n<p>Depuis 2005, le\u00a0CFSH\u00a0a tenu trois congr\u00e8s\u00a0:\u00a0<a href=\"https:\/\/fr.wikipedia.org\/wiki\/Paris\">Paris<\/a>\u00a0en 2010,\u00a0<a href=\"https:\/\/fr.wikipedia.org\/wiki\/Reims\">Reims<\/a>\u00a0en 2012 et\u00a0<a href=\"https:\/\/fr.wikipedia.org\/wiki\/Besan%C3%A7on\">Besan\u00e7on<\/a> en 2015. Le congr\u00e8s pr\u00e9vu en novembre 2019 \u00e0 Rouen a du \u00eatre annul\u00e9 pour cause des gr\u00e9ves SNCF. Il a n\u00e9anmoins a \u00e9t\u00e9 remplac\u00e9 par la publication d&rsquo;un ouvrage collectif intitul\u00e9 \u00ab\u00a0Regards crois\u00e9s sur l&rsquo;historiographie fran\u00e7aise aujourd&rsquo;hui\u00a0\u00bb, <a href=\"https:\/\/www.editions-harmattan.fr\/index.asp?navig=catalogue&amp;obj=livre&amp;no=67242\">disponible aupr\u00e8s du Comit\u00e9<\/a>.\u00a0<\/p>\r\n\r\n\r\n\r\n<p><strong>Congr\u00e8s internationaux des sciences historiques<\/strong><\/p>\r\n\r\n\r\n\r\n<p>Le\u00a0CFSH\u00a0a soutenu la pr\u00e9sence des historiens fran\u00e7ais aux congr\u00e8s internationaux des sciences historiques\u00a0:\u00a0<a href=\"https:\/\/fr.wikipedia.org\/wiki\/Sydney\">Sydney<\/a>\u00a0(Australie) en 2005,\u00a0<a href=\"https:\/\/fr.wikipedia.org\/wiki\/Amsterdam\">Amsterdam<\/a> (Pays-Bas) en 2010, <a href=\"https:\/\/fr.wikipedia.org\/wiki\/Jinan\">Jinan<\/a> (Chine) en 2015 et <a href=\"https:\/\/ichs2020poznan.pl\/fr\/a-propos-du-congres\/\">Poznan<\/a> (Pologne) en 2022.\u00a0<\/p>\r\n\r\n\r\n\r\n<p><strong>Soutien au prix international des sciences historiques<\/strong><\/p>\r\n\r\n\r\n\r\n<p>Lors du congr\u00e8s de Jinan (Chine), c&rsquo;est un historien fran\u00e7ais,\u00a0<a href=\"https:\/\/fr.wikipedia.org\/wiki\/Serge_Gruzinski\">Serge Gruzinski<\/a>, qui a re\u00e7u le premier prix international des sciences historiques, <em>Jaeger-Lecoultre<\/em>. <a href=\"https:\/\/www.cish.org\/index.php\/fr\/2023\/02\/22\/prix-international-de-lhistoire-cish-ichs-appel-a-candidature\/\">Un nouvel appel aux candidatures est ouvert<\/a> pour ce prix par le Comit\u00e9 international des Sciences historiques. (<a href=\"http:\/\/comite-francais-sciences-historiques.com\/wp-content\/uploads\/2023\/05\/PROF.-S.-GRUZINSKI.pdf\">consulter le document<\/a>).<\/p>\r\n\r\n\r\n\r\n<p><strong>Rendez-vous de l&rsquo;histoire \u00e0 Blois<\/strong><\/p>\r\n\r\n\r\n\r\n<p>Pendant les\u00a0<a href=\"https:\/\/rdv-histoire.com\/\"><em>rendez-vous de l&rsquo;histoire de\u00a0<\/em><\/a><em>Blois<\/em>\u00a0le\u00a0CFSH\u00a0organise chaque ann\u00e9e une table ronde associant les quatre p\u00e9riodes (ancienne, m\u00e9di\u00e9vale, moderne et contemporaine)\u00a0:<\/p>\r\n\r\n\r\n\r\n<ul>\r\n<li>en 2014,\u00a0<em>Les \u00e9cole historiques fran\u00e7aises<\/em>\u00a0;<\/li>\r\n<li>en 2015,\u00a0<em>les quatre p\u00e9riodes leur d\u00e9finition et leurs limites<\/em>\u00a0;<\/li>\r\n<li>en 2016,\u00a0<em>L\u2019historien et la Nation<\/em>.<\/li>\r\n<li>en 2017, <em>La place du Fran\u00e7ais dans la recherche mondiale<\/em><\/li>\r\n<li>en 2018, <em>La puissance des images<\/em><\/li>\r\n<li>en 2019, <em>l&rsquo;Italie<\/em><\/li>\r\n<li>en 2020, <em>Gouverner<\/em><\/li>\r\n<li>en 2021, <em>Le travail<\/em><\/li>\r\n<li>en 2022, <em>La mer<\/em><\/li>\r\n<li>en 2023, <em>Les vivants et les morts<\/em><\/li>\r\n<\/ul>\r\n\r\n\r\n\r\n<p><strong>Prix Daniel et Michel Dez\u00e8s<\/strong><\/p>\r\n\r\n\r\n\r\n<p>En 2016, le\u00a0CFSH\u00a0a remis le prix Daniel et Michel Dez\u00e8s, sous l\u2019\u00e9gide de la fondation de France, \u00e0 l\u2019historien David Gallo, normalien de la rue d\u2019Ulm, qui a soutenu sa th\u00e8se au Centre Roland Mousnier sous la direction conjointe d\u2019Edouard Husson et de Dominique Barjot. Cette th\u00e8se portait sur le th\u00e8me suivant\u00a0:\u00a0<em>La politique de formation id\u00e9ologique de la SS (1933-1945)\u00a0: Institutions, discours, pratiques, acteurs et impact de la Weltanschauliche Schulung<\/em>. Le prix Daniel et Michel Dezes est accord\u00e9 tous les deux ans par le Comit\u00e9 fran\u00e7ais des sciences historiques. Ce prix, d\u2019une valeur de 2 500 \u20ac, est destin\u00e9 \u00e0 r\u00e9compenser un travail de recherche universitaire (th\u00e8se de doctorat ou de Master II) soutenu par un historien de moins de 32 ans au cours des deux derni\u00e8res ann\u00e9es et dont la qualit\u00e9 et l\u2019originalit\u00e9 ont \u00e9t\u00e9 jug\u00e9es particuli\u00e8rement remarquables, par rapport \u00e0 d\u2019autres travaux comparables. Le prix Daniel et Michel Dez\u00e8s, attribu\u00e9 par la Fondation de France (11 avril 2018) a \u00e9t\u00e9 remis \u00e0 Mademoiselle Maria Sokorina, dont la th\u00e8se a \u00e9t\u00e9 dirig\u00e9e par un membre du CFSH, Nicolas Weill-Parot, Directeur d\u2019\u00c9tudes \u00e0 l\u2019EPHE. En 2020, le prix <a href=\"http:\/\/comite-francais-sciences-historiques.com\/index.php\/2020\/12\/23\/prix-dezes-la-these-primee-en-2020-lhistoire-des-chandeliers-danne-clothilde-dumargne\/\">a \u00e9t\u00e9 remis Anne-Clotilde Dumargne<\/a>. Le prix 2022 a \u00e9t\u00e9 attribu\u00e9 Renaud Soler, (Une histoire de la s\u012bra \u00e0 l&rsquo;\u00e9poque ottomane (XV\u00e9me &#8211; XIX\u00e9me si\u00e8cles). <a href=\"http:\/\/comite-francais-sciences-historiques.com\/wp-content\/uploads\/2023\/05\/PV-Dezes2022.pdf\">PV Dezes2022<\/a><\/p>\r\n<p>&nbsp;<\/p>\r\n\r\n\r\n\r\n<p>De 2017 \u00e0 2023, le CFSH a poursuivi son activit\u00e9, \u00e0 savoir :<\/p>\r\n\r\n\r\n\r\n<p>2.1\/ Les actions men\u00e9es et les actions en perspectives concernant les menaces sur l\u2019enseignement de l\u2019histoire.<\/p>\r\n\r\n\r\n\r\n\r\n\r\n<p>2.2\/ les relations avec le Comit\u00e9 International des Sciences Historiques (Congr\u00e8s pr\u00e9paratoire de Moscou et Assembl\u00e9e G\u00e9n\u00e9rale du CISH (29-30 Septembre 2017, Conf\u00e9rence de Gabor Klaniczay, laur\u00e9at du prix international de l\u2019Histoire remis par le CISH, Congr\u00e8s International des Sciences Historiques Poznan 2020)<\/p>\r\n\r\n\r\n\r\n\r\n\r\n<p>2.3\/ La pr\u00e9sence aux Congr\u00e8s du CTHS de Paris (23-26 avril 2018), notamment par l\u2019AG et la Table-ronde du CFSH \u00ab O\u00f9 en sont les publications scientifiques aujourd\u2019hui ? \u00bb, et d&rsquo;Aubervilliers (4-7 mai 2022).<\/p>\r\n\r\n\r\n\r\n\r\n\r\n<p>2.4\/ La r\u00e9activation du site du CFSH (ferm\u00e9, pour raisons de difficult\u00e9s techniques et administratives aujourd\u2019hui r\u00e9solues, depuis le congr\u00e8s de Besan\u00e7on de 2015) et dont il est possible d\u2019associer le contenu aux activit\u00e9s des principales associations historiques.<\/p>\r\n\r\n\r\n\r\n<p>2.5\/ La question des publications :<\/p>\r\n<p>Il convient de souligner la publication, avant le Congr\u00e8s de Poznan, d\u2019un <a href=\"https:\/\/www.editions-harmattan.fr\/index.asp?navig=catalogue&amp;obj=livre&amp;no=67242\">\u00e9tat de l\u2019historiographie fran\u00e7aise<\/a> \u00e0 la suite des deux ouvrages d\u00e9j\u00e0 parus aux Presses Universitaires de France. La tradition est d\u2019associer aux moins deux grandes parties, l\u2019une organis\u00e9e par p\u00e9riode, l\u2019autre autour d\u2019un choix de th\u00e8mes transp\u00e9riodiques et transdisciplinaires.<\/p>\r\n\r\n\r\n\r\n\r\n\r\n<p><strong>Publications<\/strong><\/p>\r\n\r\n\r\n\r\n<ul>\r\n<li><em>Actes du congr\u00e8s historique du centenaire de la R\u00e9volution de 1848<\/em>, Paris, PUF, 1948, 435 p.<\/li>\r\n<li><em>Vingt-cinq ans de recherche historique en France<\/em>, Paris, CNRS, 1965, 2 volumes<\/li>\r\n<li><em>Colloque franco-su\u00e9dois \u00e0 Paris du 9 au 10\/10\/1978<\/em>, publi\u00e9 avec le soutien du Comit\u00e9 su\u00e9dois pour la coop\u00e9ration internationale des sciences historiques et de l\u2019universit\u00e9 de Paris I Panth\u00e9on-Sorbonne, 172 p.<\/li>\r\n<li><em>Les Historiens fran\u00e7ais \u00e0 l\u2019\u0153uvre<\/em>, 1995-2010, dirig\u00e9 par Jean-Fran\u00e7ais Sirinelli, Pascal Cauchy, Claude Gauvard, Actes du Congr\u00e8s de Paris de 2010, Paris, P.U.F., 2010. 332 p.\u00a0(<a href=\"https:\/\/fr.wikipedia.org\/wiki\/International_Standard_Book_Number\">ISBN<\/a>\u00a0<a href=\"https:\/\/fr.wikipedia.org\/wiki\/Sp%C3%A9cial:Ouvrages_de_r%C3%A9f%C3%A9rence\/978-2-13-058498-8\">978-2-13-058498-8<\/a>)\u00a0; auteurs des contributions\u00a0: St\u00e9phane Benoist, R\u00e9gine Le Jan, Roger Chartier, Philippe Poirrier, Jo\u00eblle Burnouf, Patrice Brun, Olivier de Cazanove, Jean-Paul Demoule, Roland \u00c9tienne, Boris Valentin, St\u00e9phane Audoin-Rouzeau, Dominique Iogna-Prat, Jean-Philippe Genet, Christine Bard, Olivier Levy-Dumoulin, Lucien B\u00e9ly, Georges-Henri Soutou, Olivier P\u00e9tr\u00e9-Grenouilleau, Mathieu Arnoux, Jacques Verger.<\/li>\r\n<li><em>Les Historiens fran\u00e7ais en mouvements<\/em>, Jean-Fran\u00e7ois Sirinelli, Pascal Cauchy, Claude Gauvard, Bernard Legras, Actes du Congr\u00e8s de Reims de 2012, Paris, P.U.F., 2015, 184 p.\u00a0(<a href=\"https:\/\/fr.wikipedia.org\/wiki\/International_Standard_Book_Number\">ISBN<\/a>\u00a0<a href=\"https:\/\/fr.wikipedia.org\/wiki\/Sp%C3%A9cial:Ouvrages_de_r%C3%A9f%C3%A9rence\/978-2-13-073153-5\">978-2-13-073153-5<\/a>)\u00a0; auteurs des contributions\u00a0: Dominique Barjot, Yvan Combeau, Gilles Le B\u00e9guec, Amaury Lorin, Charles-Fran\u00e7ois Mathis, Thierry Terret, Nicolas Weill-Parot, Laurent Wirth<\/li>\r\n<li>Dominique Barjot (dir.), Anna Bellavitis, Olivier Feiertag et Bertrand Haan, <em>Regards crois\u00e9s sur l\u2019historiographie fran\u00e7aise aujourd\u2019hui, <\/em>Paris, \u00c9ditions SPM, 2020, 302 p.\u00a0; auteurs des contributions\u00a0: Fran\u00e7ois Baratte, Dominique Barjot, Anna Bellavitis, Rapha\u00eblle Branche, Yvan Combeau, Pierre Cosme, R\u00e9mi Dalisson, Olivier Dard, Jean-Fran\u00e7ois Dunyach, Olivier Feiertag, Jacques Fr\u00e9meaux, C\u00e9dric Giraud, Bertrand Haan, Liliane Hilaire-Perez, \u00c9lisabeth Lalou, Nicolas Le Roux, Guy Lemarchand, \u00c9ric Mension-Rigau, Aur\u00e9lien Poidevin, F\u00e9lix Torres<\/li>\r\n<\/ul>\r\n<p>Le\u00a0CFSH\u00a0a encourag\u00e9 la reprise, en 1955 de la publication de La Bibliographie annuelle de l\u2019histoire de France (1955-2005) \u00e9dit\u00e9e par le centre national de la recherche scientifique.<\/p>\r\n<p>&nbsp;<\/p>\r\n","protected":false},"excerpt":{"rendered":"<p>Le\u00a0Comit\u00e9 fran\u00e7ais des sciences historiques\u00a0(CFSH), selon ses statuts, a pour mission d&rsquo;\u00e9tablir un lien entre les historiens fran\u00e7ais vou\u00e9s \u00e0 l&rsquo;enseignement et \u00e0 la recherche. Il assure la participation de&hellip;<\/p>\n","protected":false},"author":1,"featured_media":60,"parent":0,"menu_order":0,"comment_status":"closed","ping_status":"closed","template":"","meta":[],"_links":{"self":[{"href":"https:\/\/comite-francais-sciences-historiques.com\/index.php\/wp-json\/wp\/v2\/pages\/59"}],"collection":[{"href":"https:\/\/comite-francais-sciences-historiques.com\/index.php\/wp-json\/wp\/v2\/pages"}],"about":[{"href":"https:\/\/comite-francais-sciences-historiques.com\/index.php\/wp-json\/wp\/v2\/types\/page"}],"author":[{"embeddable":true,"href":"https:\/\/comite-francais-sciences-historiques.com\/index.php\/wp-json\/wp\/v2\/users\/1"}],"replies":[{"embeddable":true,"href":"https:\/\/comite-francais-sciences-historiques.com\/index.php\/wp-json\/wp\/v2\/comments?post=59"}],"version-history":[{"count":16,"href":"https:\/\/comite-francais-sciences-historiques.com\/index.php\/wp-json\/wp\/v2\/pages\/59\/revisions"}],"predecessor-version":[{"id":463,"href":"https:\/\/comite-francais-sciences-historiques.com\/index.php\/wp-json\/wp\/v2\/pages\/59\/revisions\/463"}],"wp:featuredmedia":[{"embeddable":true,"href":"https:\/\/comite-francais-sciences-historiques.com\/index.php\/wp-json\/wp\/v2\/media\/60"}],"wp:attachment":[{"href":"https:\/\/comite-francais-sciences-historiques.com\/index.php\/wp-json\/wp\/v2\/media?parent=59"}],"curies":[{"name":"wp","href":"https:\/\/api.w.org\/{rel}","templated":true}]}}