{"id":439,"date":"2023-05-08T17:28:33","date_gmt":"2023-05-08T15:28:33","guid":{"rendered":"http:\/\/comite-francais-sciences-historiques.com\/?page_id=439"},"modified":"2023-05-08T17:32:28","modified_gmt":"2023-05-08T15:32:28","slug":"conferences-tables-rondes-et-colloques","status":"publish","type":"page","link":"https:\/\/comite-francais-sciences-historiques.com\/index.php\/conferences-tables-rondes-et-colloques\/","title":{"rendered":"Conf\u00e9rences, tables rondes et colloques"},"content":{"rendered":"<h3 style=\"text-align: center;\"><strong>2022<\/strong><\/h3>\n<p>ASOM : S\u00e9ance du 18 novembre 2022 : Le pass\u00e9 est-il toujours condamnable ?<br \/>\n<a href=\"http:\/\/comite-francais-sciences-historiques.com\/wp-content\/uploads\/2023\/05\/4.1-18112022-Pre\u0301sentation-3.pd_f.pdf\">Document 1<\/a><br \/>\n<a href=\"http:\/\/comite-francais-sciences-historiques.com\/wp-content\/uploads\/2023\/05\/4.2-INTRODUCTION-D.-BARJOT.pdf\">Document 2<\/a><\/p>\n<p><a href=\"http:\/\/comite-francais-sciences-historiques.com\/wp-content\/uploads\/2023\/05\/3-Table-ronde-De\u0301veloppement-et-coope\u0301ration-Sud-Nord-29-07-2022.pdf\">29 juillet 2022 : Table ronde D\u00e9veloppement et coop\u00e9ration Sud-Nord<\/a><\/p>\n<p><a href=\"http:\/\/comite-francais-sciences-historiques.com\/wp-content\/uploads\/2023\/05\/2-Table-ronde-sur-les-banques-et-le-cre\u0301dit-cR-D.-Barjot-9-09-2022.pdf\">12 mai 2022 : Colloque \u00ab NAPOL\u00c9ON III ET L\u2019\u00c9CONOMIE \u00bb Table ronde sur les banques et le cr\u00e9dit anim\u00e9e par Dominique BARJOT avec la participation Thierry CLAEYS, Matthieu de OLIVEIRA et Nicolas STOSKOPF<\/a><\/p>\n<p>ASOM : S\u00e9ance du 18 f\u00e9vrier 2022 \u00e0 15h<br \/>\n<a href=\"http:\/\/comite-francais-sciences-historiques.com\/wp-content\/uploads\/2023\/05\/1.1-18022022-Pre\u0301sentation-1.pdf\">Document 1<\/a><br \/>\n<a href=\"http:\/\/comite-francais-sciences-historiques.com\/wp-content\/uploads\/2023\/05\/1.2-D.-Barjot-Pre\u0301sentation-de-la-se\u0301ance-par-Dominique-Barjot.pdf\">Document 2<\/a><\/p>\n<h3 style=\"text-align: center;\">2021<\/h3>\n<p><a href=\"http:\/\/comite-francais-sciences-historiques.com\/wp-content\/uploads\/2023\/05\/2-Se\u0301ance-du-19-novembre-2021-Le-Second-Empire-et-sa-politique-coloniale-30-11-2021.pdf\">ASOM : S\u00e9ance du 19 novembre 2021 : Le Second Empire et sa politique coloniale<\/a><\/p>\n<p>2-3 Juin 2021 : 4e Congr\u00e8s Francophone d&rsquo;Histoire de la Construction<br \/>\n<a href=\"http:\/\/comite-francais-sciences-historiques.com\/wp-content\/uploads\/2023\/05\/3.1-programme-4cfhc.pdf\">Document 1<\/a><br \/>\n<a href=\"http:\/\/comite-francais-sciences-historiques.com\/wp-content\/uploads\/2023\/05\/3.2-Annexe-programme-4CFHC-30-04-21V2.pdf\">Document 2<\/a><\/p>\n<h3 style=\"text-align: center;\"><strong>2020<\/strong><\/h3>\n<div class=\"page\" title=\"Page 1\">\n<div class=\"layoutArea\">\n<div class=\"column\">\n<p><a href=\"http:\/\/comite-francais-sciences-historiques.com\/wp-content\/uploads\/2023\/05\/1-Table-ronde-France-1974-1984.pdf\">Table ronde tenue a\u0300 Sorbonne Universite\u0301 le 1er de\u0301cembre 2020 :1974-1984 : RE\u0301FLEXIONS SUR LES DIX ANNE\u0301ES OU LA FRANCE A DE\u0301CROCHE\u0301 ET CE QU\u2019ELLES TRADUISENT<\/a><\/p>\n<\/div>\n<\/div>\n<\/div>\n<p>S\u00e9ance de l\u2019Acad\u00e9mie des Sciences d\u2019Outre-Mer du 6 novembre 2020 : RE\u0301ALITE\u0301S ET LIMITES DU DE\u0301VELOPPEMENT E\u0301CONOMIQUE DE LA CHINE<br \/>\n<a href=\"http:\/\/comite-francais-sciences-historiques.com\/wp-content\/uploads\/2023\/05\/1.1-Se\u0301ance-ASOM-du-6-novembre-2020.pdf\">Document 1<\/a><br \/>\n<a href=\"http:\/\/comite-francais-sciences-historiques.com\/wp-content\/uploads\/2023\/05\/1.2-Le\u0301conomie-de-la-Chine-aujourdhui-D.-BARJOT.pdf\">Document 2<\/a><br \/>\n<a href=\"http:\/\/comite-francais-sciences-historiques.com\/wp-content\/uploads\/2023\/05\/1.3-LES-MULTINATIONALES-CHINOISES-.pdf\">Document 3<\/a><\/p>\n<h3 style=\"text-align: center;\"><strong>2018<\/strong><\/h3>\n<p><a href=\"http:\/\/comite-francais-sciences-historiques.com\/wp-content\/uploads\/2023\/05\/1-CTHS-Conference-inaugurale.pdf\">LA TRANSMISSION DES SAVOIRS : UN IMMENSE CHANTIER POUR LES CHERCHEURS<\/a><\/p>\n<p><a href=\"http:\/\/comite-francais-sciences-historiques.com\/wp-content\/uploads\/2023\/05\/2-Table-ronde-CFSH-CTHS-25-avril-2018.pdf\">Table ronde tenue le 25 avril 2018 : \u00ab O\u00f9 en sont les publications scientifiques aujourd\u2019hui ? \u00bb<\/a><\/p>\n<p><a href=\"http:\/\/comite-francais-sciences-historiques.com\/wp-content\/uploads\/2023\/05\/3-Round-Table-managed-by-A.-Carreras-and-D.-Barjot-FAIT.pdf\">Table ronde, le 30 juillet 2018 : \u201cTo what extent are European development theories on industrialization valid from a world point of view?\u201d XVIIIth World Economic History Congress (WEHC), MIT, Boston<\/a><\/p>\n","protected":false},"excerpt":{"rendered":"<p>2022 ASOM : S\u00e9ance du 18 novembre 2022 : Le pass\u00e9 est-il toujours condamnable ? Document 1 Document 2 29 juillet 2022 : Table ronde D\u00e9veloppement et coop\u00e9ration Sud-Nord 12&hellip;<\/p>\n","protected":false},"author":1,"featured_media":0,"parent":0,"menu_order":0,"comment_status":"closed","ping_status":"closed","template":"","meta":[],"_links":{"self":[{"href":"https:\/\/comite-francais-sciences-historiques.com\/index.php\/wp-json\/wp\/v2\/pages\/439"}],"collection":[{"href":"https:\/\/comite-francais-sciences-historiques.com\/index.php\/wp-json\/wp\/v2\/pages"}],"about":[{"href":"https:\/\/comite-francais-sciences-historiques.com\/index.php\/wp-json\/wp\/v2\/types\/page"}],"author":[{"embeddable":true,"href":"https:\/\/comite-francais-sciences-historiques.com\/index.php\/wp-json\/wp\/v2\/users\/1"}],"replies":[{"embeddable":true,"href":"https:\/\/comite-francais-sciences-historiques.com\/index.php\/wp-json\/wp\/v2\/comments?post=439"}],"version-history":[{"count":3,"href":"https:\/\/comite-francais-sciences-historiques.com\/index.php\/wp-json\/wp\/v2\/pages\/439\/revisions"}],"predecessor-version":[{"id":459,"href":"https:\/\/comite-francais-sciences-historiques.com\/index.php\/wp-json\/wp\/v2\/pages\/439\/revisions\/459"}],"wp:attachment":[{"href":"https:\/\/comite-francais-sciences-historiques.com\/index.php\/wp-json\/wp\/v2\/media?parent=439"}],"curies":[{"name":"wp","href":"https:\/\/api.w.org\/{rel}","templated":true}]}}