{"id":216,"date":"2021-01-09T14:12:52","date_gmt":"2021-01-09T13:12:52","guid":{"rendered":"http:\/\/comite-francais-sciences-historiques.com\/?page_id=216"},"modified":"2023-11-19T17:19:43","modified_gmt":"2023-11-19T16:19:43","slug":"associations-et-organisations-associees","status":"publish","type":"page","link":"https:\/\/comite-francais-sciences-historiques.com\/index.php\/associations-et-organisations-associees\/","title":{"rendered":"Associations et Organisations associ\u00e9es"},"content":{"rendered":"<h3>Comit\u00e9 des travaux historiques et scientifiques (CTHS) &#8211; <a href=\"https:\/\/cths.fr\/\">https:\/\/cths.fr\/<\/a><\/h3>\n<h3>Acad\u00e9mie des sciences d&rsquo;outre-mer (ASOM) &#8211; <a href=\"https:\/\/www.academieoutremer.fr\/\">https:\/\/www.academieoutremer.fr\/<\/a><\/h3>\n<h3>Association fran\u00e7aise d&rsquo;histoire \u00e9conomique (AFH\u00c9) &#8211;<a href=\"https:\/\/afhe.hypotheses.org\/\">https:\/\/afhe.hypotheses.org\/<\/a><\/h3>\n<h3>Maison de la Vie Associative et Citoyenne du Quartier latin (MVAC) &#8211; <a href=\"https:\/\/mairie05.paris.fr\/pages\/maison-des-associations-10928\">https:\/\/mairie05.paris.fr\/pages\/maison-des-associations-10928<\/a><\/h3>\n<h3>Observatoire des soci\u00e9t\u00e9s de l&rsquo;oc\u00e9an Indien (OSOI) &#8211; <a href=\"https:\/\/osoi.univ-reunion.fr\/\">https:\/\/osoi.univ-reunion.fr\/<\/a><\/h3>\n<h3>Institut fran\u00e7ais d&rsquo;histoire sociale &#8211; <a href=\"https:\/\/fr.wikipedia.org\/wiki\/Institut_fran%C3%A7ais_d%27histoire_sociale\">https:\/\/fr.wikipedia.org\/wiki\/Institut_fran%C3%A7ais_d%27histoire_sociale<\/a><\/h3>\n<h3>Soci\u00e9t\u00e9 des Professeurs d&rsquo;Histoire Ancienne de l&rsquo;Universit\u00e9 &#8211;\u00a0<a href=\"http:\/\/sophau.univ-fcomte.fr\/\">http:\/\/sophau.univ-fcomte.fr\/\u00a0<\/a><\/h3>\n<h3>Soci\u00e9t\u00e9 des historiens m\u00e9di\u00e9vistes de l&rsquo;enseignement sup\u00e9rieur public &#8211;\u00a0<a href=\"http:\/\/www.shmesp.fr\/\">http:\/\/www.shmesp.fr\/<\/a><\/h3>\n<h3>Association des historiens modernistes des universit\u00e9s fran\u00e7aises &#8211;\u00a0<a href=\"https:\/\/ahmuf.hypotheses.org\/\">https:\/\/ahmuf.hypotheses.org\/<\/a><\/h3>\n<h3>Association des historiens contemporan\u00e9istes de l\u2019enseignement sup\u00e9rieur et de la recherche.\u00a0 <span style=\"color: #993300;\">Elle s&rsquo;est transform\u00e9e r\u00e9cemment en<em> Association H2C, Historiennes et historiens du contemporain, <\/em>a inaugur\u00e9 un nouveau site internet en mai 2023. Vous y retrouverez toutes les archives de l\u2019association autrefois disponibles sur son ancien site.<\/span><\/h3>\n<h3>Association H2C, Historiennes et historiens du contemporain &#8211;\u00a0<a href=\"https:\/\/www.asso-h2c.fr\/\">https:\/\/www.asso-h2c.fr\/<\/a><\/h3>\n<h3><strong>Association des Professeurs d\u2019Histoire et de G\u00e9ographie &#8211;\u00a0<\/strong><a href=\"https:\/\/www.aphg.fr\/\">https:\/\/www.aphg.fr\/<\/a><\/h3>\n<h3>Association francophone d&rsquo;histoire de la construction (AFHC) &#8211; <a href=\"https:\/\/www.histoireconstruction.fr\/\">https:\/\/www.histoireconstruction.fr\/<\/a><\/h3>\n<h3>Revue fran\u00e7ais d&rsquo;histoire \u00e9conomique<br \/>\n<a href=\"https:\/\/revue-francaise-histoire-economique.fr\/\">https:\/\/revue-francaise-histoire-economique.fr\/<\/a><\/h3>\n<p>&nbsp;<\/p>\n<p>&nbsp;<\/p>\n<p><a href=\"http:\/\/comite-francais-sciences-historiques.com\/wp-content\/uploads\/2021\/01\/Rapports-IFHS-AG-2020-pour-anne\u0301e-2019.docx.pdf\">Rapports IFHS AG 2020 pour anne\u0301e 2019.docx<\/a><\/p>\n<p>&nbsp;<\/p>\n","protected":false},"excerpt":{"rendered":"<p>Comit\u00e9 des travaux historiques et scientifiques (CTHS) &#8211; https:\/\/cths.fr\/ Acad\u00e9mie des sciences d&rsquo;outre-mer (ASOM) &#8211; https:\/\/www.academieoutremer.fr\/ Association fran\u00e7aise d&rsquo;histoire \u00e9conomique (AFH\u00c9) &#8211;https:\/\/afhe.hypotheses.org\/ Maison de la Vie Associative et Citoyenne du&hellip;<\/p>\n","protected":false},"author":1,"featured_media":0,"parent":0,"menu_order":0,"comment_status":"closed","ping_status":"closed","template":"","meta":[],"_links":{"self":[{"href":"https:\/\/comite-francais-sciences-historiques.com\/index.php\/wp-json\/wp\/v2\/pages\/216"}],"collection":[{"href":"https:\/\/comite-francais-sciences-historiques.com\/index.php\/wp-json\/wp\/v2\/pages"}],"about":[{"href":"https:\/\/comite-francais-sciences-historiques.com\/index.php\/wp-json\/wp\/v2\/types\/page"}],"author":[{"embeddable":true,"href":"https:\/\/comite-francais-sciences-historiques.com\/index.php\/wp-json\/wp\/v2\/users\/1"}],"replies":[{"embeddable":true,"href":"https:\/\/comite-francais-sciences-historiques.com\/index.php\/wp-json\/wp\/v2\/comments?post=216"}],"version-history":[{"count":9,"href":"https:\/\/comite-francais-sciences-historiques.com\/index.php\/wp-json\/wp\/v2\/pages\/216\/revisions"}],"predecessor-version":[{"id":472,"href":"https:\/\/comite-francais-sciences-historiques.com\/index.php\/wp-json\/wp\/v2\/pages\/216\/revisions\/472"}],"wp:attachment":[{"href":"https:\/\/comite-francais-sciences-historiques.com\/index.php\/wp-json\/wp\/v2\/media?parent=216"}],"curies":[{"name":"wp","href":"https:\/\/api.w.org\/{rel}","templated":true}]}}