{"id":206,"date":"2021-01-05T15:27:53","date_gmt":"2021-01-05T14:27:53","guid":{"rendered":"http:\/\/comite-francais-sciences-historiques.com\/?page_id=206"},"modified":"2023-05-06T15:43:12","modified_gmt":"2023-05-06T13:43:12","slug":"publications","status":"publish","type":"page","link":"https:\/\/comite-francais-sciences-historiques.com\/index.php\/publications\/","title":{"rendered":"Publications"},"content":{"rendered":"<div><\/div>\n<div>\n<h1><img loading=\"lazy\" class=\"wp-image-158 alignleft\" src=\"http:\/\/comite-francais-sciences-historiques.com\/wp-content\/uploads\/2020\/12\/12-23-a\u0300-16.23.17-212x300.jpg\" alt=\"\" width=\"310\" height=\"439\" srcset=\"https:\/\/comite-francais-sciences-historiques.com\/wp-content\/uploads\/2020\/12\/12-23-a\u0300-16.23.17-212x300.jpg 212w, https:\/\/comite-francais-sciences-historiques.com\/wp-content\/uploads\/2020\/12\/12-23-a\u0300-16.23.17-585x827.jpg 585w, https:\/\/comite-francais-sciences-historiques.com\/wp-content\/uploads\/2020\/12\/12-23-a\u0300-16.23.17.jpg 600w\" sizes=\"(max-width: 310px) 100vw, 310px\" \/><a href=\"https:\/\/www.editions-harmattan.fr\/index.asp?navig=catalogue&amp;obj=livre&amp;no=67242\">REGARDS CROIS\u00c9S SUR L&rsquo;HISTORIOGRAPHIE FRAN\u00c7AISE AUJOURD&rsquo;HUI<\/a><\/h1>\n<h4>Sous la direction de Dominique Barjot, Anna Bellavitis, Bertrand Haan et Olivier Feiertag<\/h4>\n<\/div>\n<p>O\u00f9 en est l&rsquo;historiographie fran\u00e7aise et francophone, en ces temps de mondialisation acc\u00e9l\u00e9r\u00e9e ? La recherche historique fran\u00e7aise est demeur\u00e9e f\u00e9conde dans chacune des quatre grandes p\u00e9riodes de l&rsquo;histoire, cet ouvrage en donne un aper\u00e7u pour chacune d&rsquo;entre elles. Les \u00e9changes et les interactions entre les traditions historiographiques de diff\u00e9rents pays sont \u00e0 l&rsquo;ordre du jour, mais des sp\u00e9cificit\u00e9s de chacun perdurent. La France a eu et a encore une tradition marqu\u00e9e d&rsquo;ouverture, qu&rsquo;il faut pouvoir maintenir dans un contexte de crise globale, pr\u00e9sente et future. L&rsquo;historiographie fran\u00e7aise et francophone est en plein renouvellement. Des champs nouveaux s&rsquo;ouvrent \u00e0 la recherche, qui font largement appel \u00e0 des approches transversales et pluridisciplinaires, voire transdisciplinaires.<\/p>\n<p>Date de publication : 28 octobre 2020<br \/>\nBroch\u00e9 &#8211; format : 15,5 x 24 cm \u2022 304 pages<br \/>\nISBN : 978-2-37999-059-5<\/p>\n<p><strong>LES AUTEURS<\/strong><\/p>\n<p>Avec \u00e9galement les contributions de Pierre Cosme, \u00c9lisabeth Lalou, Nicolas Le Roux, Guy Lemarchand, Olivier Dard, Fran\u00e7ois Baratte, Liliane Hilaire-Perez, Rapha\u00eblle Branche, Yvan Combeau, Jean-Fran\u00e7ois Dunyach, C\u00e9dric Giraud, R\u00e9mi Dalisson, \u00c9ric Mension-Rigaud, Aur\u00e9lien Poidevin, F\u00e9lix Torres.<\/p>\n<div class=\"penci-post-gallery-container justified column-2\" data-height=\"150\" data-margin=\"3\"><a class=\"item-gallery-justified\" href=\"https:\/\/comite-francais-sciences-historiques.com\/wp-content\/uploads\/2020\/12\/12-23-a\u0300-16.23.17.jpg\" title=\"\" data-rel=\"penci-gallery-image-content\"><img src=\"https:\/\/comite-francais-sciences-historiques.com\/wp-content\/uploads\/2020\/12\/12-23-a\u0300-16.23.17-585x827.jpg\" alt=\"\"><\/a><a class=\"item-gallery-justified\" href=\"https:\/\/comite-francais-sciences-historiques.com\/wp-content\/uploads\/2020\/12\/2020-12-23-a\u0300-16.26.07.jpg\" title=\"\" data-rel=\"penci-gallery-image-content\"><img src=\"https:\/\/comite-francais-sciences-historiques.com\/wp-content\/uploads\/2020\/12\/2020-12-23-a\u0300-16.26.07-585x917.jpg\" alt=\"\"><\/a><\/div>\n<div>\n<hr \/>\n<\/div>\n<div><\/div>\n<div class=\"infos-base\">\n<div class=\"commerce-product-field commerce-product-field-field-image field-field-image node-4482-product-field-image\">\n<div>\n<div class=\"infos-base\">\n<div class=\"commerce-product-field commerce-product-field-field-image field-field-image node-4483-product-field-image\">\n<div class=\"field-image\"><a class=\"colorbox init-colorbox-processed cboxElement\" title=\"Les historiens fran\u00e7ais en mouvement\" href=\"https:\/\/www.puf.com\/sites\/default\/files\/styles\/ouvrage_couverture_zoom\/public\/1538617181_9782130731535_v100.jpg?itok=GxL4HgD3\" data-colorbox-gallery=\"gallery-commerce_product-1606-oUYrSPETvDY\" data-cbox-img-attrs=\"{&quot;title&quot;: &quot;Les historiens fran\u00e7ais en mouvement&quot;, &quot;alt&quot;: &quot;Les historiens fran\u00e7ais en mouvement&quot;}\"><img loading=\"lazy\" class=\"alignleft\" title=\"Les historiens fran\u00e7ais en mouvement\" src=\"https:\/\/www.puf.com\/sites\/default\/files\/styles\/cover_fixed_height\/public\/1538617181_9782130731535_v100.jpg?itok=0m0MK985\" alt=\"Les historiens fran\u00e7ais en mouvement\" width=\"308\" height=\"446\" \/><\/a><a style=\"font-family: Raleway, sans-serif; font-size: 24px; font-weight: bold; letter-spacing: 0px;\" href=\"https:\/\/www.puf.com\/content\/Les_historiens_fran%C3%A7ais_en_mouvement\">Les historiens fran\u00e7ais en mouvement<\/a><\/div>\n<\/div>\n<div class=\"info\">\n<div class=\"field-auteur\">\n<div class=\"field field-name-field-auteur field-type-node-reference field-label-above\">\n<div class=\"field-items\">\n<h3 class=\"field-item even\"><a href=\"https:\/\/www.puf.com\/Auteur%3APascal_Cauchy\">Pascal Cauchy<\/a><\/h3>\n<h3 class=\"field-item odd\"><a href=\"https:\/\/www.puf.com\/Auteur%3AJean-Fran%C3%A7ois_Sirinelli\">Jean-Fran\u00e7ois Sirinelli<\/a><\/h3>\n<h3 class=\"field-item even\"><a href=\"https:\/\/www.puf.com\/Auteur%3AClaude_Gauvard\">Claude Gauvard<\/a><\/h3>\n<h3 class=\"field-item odd\"><a href=\"https:\/\/www.puf.com\/Auteur%3ABernard_Legras\">Bernard Legras<\/a><\/h3>\n<\/div>\n<\/div>\n<\/div>\n<div class=\"field field-name-field-collection field-type-taxonomy-term-reference field-label-above\">\n<div class=\"field-label\">Collection:<\/div>\n<div class=\"field-items\">\n<div class=\"field-item even\"><a href=\"https:\/\/www.puf.com\/Collections\/Hors_collection\">Hors collection<\/a><\/div>\n<\/div>\n<\/div>\n<div class=\"field field-name-field-discipline field-type-taxonomy-term-reference field-label-above\">\n<div class=\"field-label\">Discipline:<\/div>\n<div class=\"field-items\">\n<div class=\"field-item even\"><a href=\"https:\/\/www.puf.com\/disciplines\/Histoire_et_Art\">Histoire et Art<\/a><\/div>\n<\/div>\n<\/div>\n<div class=\"commerce-product-field commerce-product-field-field-ouvrage-type field-field-ouvrage-type node-4483-product-field-ouvrage-type\">\n<div class=\"field field-name-field-ouvrage-type field-type-taxonomy-term-reference field-label-above\">\n<div class=\"field-label\">Cat\u00e9gorie:<\/div>\n<div class=\"field-items\">\n<div class=\"field-item even\">Livre<\/div>\n<\/div>\n<\/div>\n<\/div>\n<div class=\"commerce-product-field commerce-product-field-field-date-parution field-field-date-parution node-4483-product-field-date-parution\">\n<div class=\"field field-name-field-date-parution field-type-datetime field-label-above\">\n<div class=\"field-label\">Date de parution:<\/div>\n<div class=\"field-items\">\n<div class=\"field-item even\"><span class=\"date-display-single\">02\/09\/2015<\/span><\/div>\n<\/div>\n<\/div>\n<\/div>\n<\/div>\n<div class=\"like-share like-share--pop\"><\/div>\n<\/div>\n<div class=\"product__section resume\">\n<h3><\/h3>\n<h3 class=\"product__subtitle\">R\u00e9sum\u00e9<\/h3>\n<div>\n<div class=\"field field-name-body field-type-text-with-summary field-label-hidden\">\n<div class=\"field-items\">\n<div class=\"field-item even\">\n<p>Faisant suite aux\u00a0<em>Historiens fran\u00e7ais \u00e0 l\u2019\u0153uvre<\/em>\u00a0(Puf, 2010), ce nouveau recueil issu du congr\u00e8s du Comit\u00e9 fran\u00e7ais des sciences historiques est r\u00e9solument tourn\u00e9 vers l\u2019avenir. Il interroge les mutations consid\u00e9rables que repr\u00e9sentent, pour le m\u00e9tier d\u2019historien, les processus de mondialisation actuellement \u00e0 l\u2019\u0153uvre. Pour la pro-duction scientifique comme pour l\u2019\u00e9change intellectuel, de tels processus ont de profondes cons\u00e9quences et suscitent d\u00e9bats et interrogations. Bien plus, ce sont les objets m\u00eames de la discipline historique qui se trouvent marqu\u00e9s par cette mondialisation : le champ de l\u2019historien ne cesse de s\u2019\u00e9largir sous nos yeux.<br \/>\nReflet de la f\u00e9condit\u00e9 de notre \u00e9cole historique, mais aussi de son pluralisme, ce livre questionne le devenir de cette discipline et pointe \u00e9galement quelques-unes des lignes de force de la production historiographique fran\u00e7aise d\u2019aujourd\u2019hui.<\/p>\n<\/div>\n<\/div>\n<\/div>\n<\/div>\n<\/div>\n<div class=\"product__section product__section--collapsible sommaire\">\n<h3 class=\"product__subtitle visible\">Sommaire<\/h3>\n<div class=\"detail\">\n<div class=\"field field-name-field-ouvrage-display-table-mat field-type-text-long field-label-above\">\n<div class=\"field-items\">\n<div class=\"field-item even\">\n<p>Introduction : le nouveau parvis, par Jean-Fran\u00e7ois Sirinelli<\/p>\n<p><strong>Premi\u00e8re partie \u2013 L\u2019histoire \u00e0 l\u2019\u00e9preuve de la mondialisation<br \/>\n<\/strong>Introduction \u00e0 la premi\u00e8re partie, par Claude Gauvard<br \/>\nL\u2019enseignement scolaire de l\u2019histoire en France \u00e0 l\u2019heure de la mondialisation, par Laurent Wirth<br \/>\nRecherche historique et \u00ab mondialisation \u00bb : vrais enjeux et fausses questions. L\u2019exemple de l\u2019histoire de la science m\u00e9di\u00e9vale, par Nicolas Weill-Parot<br \/>\nL\u2019histoire environnementale est-elle une histoire mondiale ?, par Charles-Fran\u00e7ois Mathis<br \/>\nAuguste Toussaint, un historien de l\u2019oc\u00e9an Indien, par Yvan Combeau<br \/>\nLes histoires politique et culturelle \u00e0 l\u2019\u00e9preuve de la mondialisation, par Jean-Fran\u00e7ois Sirinelli<\/p>\n<p><strong>Seconde partie \u2013 Controverses et prospectives<br \/>\n<\/strong>Introduction \u00e0 la seconde partie, par Claude Gauvard<br \/>\nL\u2019histoire \u00e9conomique en France, par Dominique Barjot<br \/>\nLe sport : une histoire en mouvement, par Thierry Terret<br \/>\nL\u2019histoire politique \u00e0 l\u2019heure des d\u00e9fis : controverse et perspectives, par Gilles Le B\u00e9guec<br \/>\nColonies, empires, esclavages : histoires crois\u00e9es, par Amaury Lorin<\/p>\n<p>Conclusion : l\u2019unit\u00e9 des sciences historiques, par Bernard Legras<\/p>\n<\/div>\n<\/div>\n<\/div>\n<\/div>\n<\/div>\n<div class=\"product__section autour-agenda\">\n<h3 class=\"product__subtitle\">Autour de l&rsquo;auteur<\/h3>\n<div class=\"autour-agenda__wrap\">\n<div class=\"field field-name-field-ouvrage-display-txt-aut-ou field-type-text-long field-label-hidden\">\n<div class=\"field-items\">\n<div class=\"field-item even\">\n<p>Ouvrage publi\u00e9 sous la direction de Jean-Fran\u00e7ois Sirinelli (Sciences Po, pr\u00e9sident du Comit\u00e9 fran\u00e7ais des sciences historiques), Pascal Cauchy (Sciences Po), Claude Gauvard (Universit\u00e9 Paris 1 Panth\u00e9on-Sorbonne) et Bernard Legras (Universit\u00e9 Paris 1 Panth\u00e9on-Sorbonne).<\/p>\n<\/div>\n<\/div>\n<\/div>\n<\/div>\n<\/div>\n<\/div>\n<div>\n<hr \/>\n<\/div>\n<div><\/div>\n<div class=\"field-image\"><a class=\"colorbox init-colorbox-processed cboxElement\" title=\"Les historiens fran\u00e7ais \u00e0 l'\u0153uvre, 1995-2010\" href=\"https:\/\/www.puf.com\/sites\/default\/files\/styles\/ouvrage_couverture_zoom\/public\/1539481270_9782130584988_v100.jpg?itok=Z8VoQPJE\" data-colorbox-gallery=\"gallery-commerce_product-1605-HBEDYepSxe8\" data-cbox-img-attrs=\"{&quot;title&quot;: &quot;Les historiens fran\u00e7ais \u00e0 l'\u0153uvre, 1995-2010&quot;, &quot;alt&quot;: &quot;Les historiens fran\u00e7ais \u00e0 l'\u0153uvre, 1995-2010&quot;}\"><img loading=\"lazy\" class=\"alignleft\" title=\"Les historiens fran\u00e7ais \u00e0 l'\u0153uvre, 1995-2010\" src=\"https:\/\/www.puf.com\/sites\/default\/files\/styles\/cover_fixed_height\/public\/1539481270_9782130584988_v100.jpg?itok=sEyivgdB\" alt=\"Les historiens fran\u00e7ais \u00e0 l'\u0153uvre, 1995-2010\" width=\"308\" height=\"446\" \/><\/a><a href=\"https:\/\/www.puf.com\/content\/Les_historiens_fran%C3%A7ais_%C3%A0_l%C5%93uvre_1995-2010\"><span style=\"font-family: Raleway, sans-serif; font-size: 24px; font-weight: bold; letter-spacing: 0px;\">Les historiens fran\u00e7ais \u00e0 l&rsquo;\u0153uvre, 1995-2010<\/span><\/a><\/div>\n<\/div>\n<div class=\"info\">\n<div class=\"field-auteur\">\n<div class=\"field field-name-field-auteur field-type-node-reference field-label-above\">\n<div class=\"field-items\">\n<h3 class=\"field-item even\"><a href=\"https:\/\/www.puf.com\/Auteur%3APascal_Cauchy\">Pascal Cauchy<\/a><\/h3>\n<h3 class=\"field-item odd\"><a href=\"https:\/\/www.puf.com\/Auteur%3AJean-Fran%C3%A7ois_Sirinelli\">Jean-Fran\u00e7ois Sirinelli<\/a><\/h3>\n<h3 class=\"field-item even\"><a href=\"https:\/\/www.puf.com\/Auteur%3AClaude_Gauvard\">Claude Gauvard<\/a><\/h3>\n<\/div>\n<\/div>\n<\/div>\n<div class=\"field field-name-field-collection field-type-taxonomy-term-reference field-label-above\">\n<div class=\"field-label\">Collection:<\/div>\n<div class=\"field-items\">\n<div class=\"field-item even\"><a href=\"https:\/\/www.puf.com\/Collections\/Hors_collection\">Hors collection<\/a><\/div>\n<\/div>\n<\/div>\n<div class=\"field field-name-field-discipline field-type-taxonomy-term-reference field-label-above\">\n<div class=\"field-label\">Discipline:<\/div>\n<div class=\"field-items\">\n<div class=\"field-item even\"><a href=\"https:\/\/www.puf.com\/disciplines\/Histoire_et_Art\">Histoire et Art<\/a><\/div>\n<\/div>\n<\/div>\n<div class=\"commerce-product-field commerce-product-field-field-ouvrage-type field-field-ouvrage-type node-4482-product-field-ouvrage-type\">\n<div class=\"field field-name-field-ouvrage-type field-type-taxonomy-term-reference field-label-above\">\n<div class=\"field-label\">Cat\u00e9gorie:<\/div>\n<div class=\"field-items\">\n<div class=\"field-item even\">Livre<\/div>\n<\/div>\n<\/div>\n<\/div>\n<div class=\"commerce-product-field commerce-product-field-field-date-parution field-field-date-parution node-4482-product-field-date-parution\">\n<div class=\"field field-name-field-date-parution field-type-datetime field-label-above\">\n<div class=\"field-label\">Date de parution:<\/div>\n<div class=\"field-items\">\n<div class=\"field-item even\"><span class=\"date-display-single\">18\/08\/2010<\/span><\/div>\n<\/div>\n<\/div>\n<\/div>\n<\/div>\n<div class=\"like-share like-share--pop\"><\/div>\n<\/div>\n<div class=\"product__section resume\">\n<h3><\/h3>\n<h3 class=\"product__subtitle\">R\u00e9sum\u00e9<\/h3>\n<div>\n<div class=\"field field-name-body field-type-text-with-summary field-label-hidden\">\n<div class=\"field-items\">\n<div class=\"field-item even\">\n<p>Quinze ans apr\u00e8s le grand panorama historiographique dress\u00e9 par Fran\u00e7ois B\u00e9darida, le Comit\u00e9 fran\u00e7ais des sciences historiques a propos\u00e9 de remettre \u00e0 l\u2019ordre du jour de son congr\u00e8s un bilan d\u2019\u00e9tape. Cela ne semble pas inutile, compte tenu de la vitalit\u00e9 de la recherche historique fran\u00e7aise. Le renouvellement des th\u00e8mes, les pistes novatrices sugg\u00e9r\u00e9es en particulier gr\u00e2ce \u00e0 l\u2019importante coop\u00e9ration internationale entre universitaires et chercheurs, tout cela concourt \u00e0 dresser un paysage in\u00e9dit de la discipline historique.<br \/>\nLes textes r\u00e9unis ici proposent une synth\u00e8se des principaux axes de recherche depuis 1995 en rappelant les moments historiographiques importants : une publication, un colloque ou un d\u00e9bat. L\u2019objectif de ce point d\u2019\u00e9tape n\u2019est pas d\u2019\u00eatre exhaustif, ce qui n\u2019aurait gu\u00e8re de sens, mais de manifester la vigueur de la recherche fran\u00e7aise en gardant comme perspective la promotion de la science historique \u00e0 l\u2019\u00e9tranger. Il ne s\u2019agit donc pas d\u2019une publication \u00e0 usage \u00ab interne \u00bb, mais bien de poser les jalons d\u2019une r\u00e9flexion d\u2019ensemble dans le long terme sur le travail d\u2019historien en France \u00e0 l\u2019aune de la recherche internationale.<\/p>\n<h3 class=\"product__subtitle visible\">Sommaire<\/h3>\n<div class=\"detail\">\n<div class=\"field field-name-field-ouvrage-display-table-mat field-type-text-long field-label-above\">\n<div class=\"field-items\">\n<div class=\"field-item even\">\n<p><strong>Premi\u00e8re partie. \u2014 Bilan des quatre p\u00e9riodes<br \/>\n<\/strong>Introduction,\u00a0<em>par Jean-Fran\u00e7ois Sirinelli<\/em><br \/>\nI. Les sciences de l\u2019Antiquit\u00e9 en France de 1995 \u00e0 2010, un aper\u00e7u,\u00a0<em>par St\u00e9phane Benoist<\/em><br \/>\nII. Le Moyen \u00c2ge,\u00a0<em>par Claude Gauvard et R\u00e9gine Le Jan<\/em><br \/>\nIII. L\u2019histoire moderne,\u00a0<em>par Roger Chartier<\/em><br \/>\nIV. L\u2019histoire contemporaine,\u00a0<em>par Philippe Poirrier<br \/>\n<\/em><br \/>\n<strong>Seconde\u00a0partie. \u2014 De quelques th\u00e9matiques<\/strong><br \/>\nV. L\u2019arch\u00e9ologie en France 1995-2010 : \u00ab le tournant arch\u00e9ologique \u00bb,\u00a0<em>par Jo\u00eblle Burnouf\u00a0<\/em>et al.<br \/>\nVI. La violence,\u00a0<em>par St\u00e9phane Audoin-Rouzeau<br \/>\n<\/em>VII. Le religieux et le sacr\u00e9,\u00a0<em>par Dominique Iogna-Prat<\/em><br \/>\nVIII. Le politique (l\u2019\u00c9tat, le pouvoir, les forces),\u00a0<em>par Jean-Philippe Genet<\/em><br \/>\nIX. L\u2019histoire politique contemporaine, essai bibliographique,\u00a0<em>par Pascal Cauchy<\/em><br \/>\nX. L\u2019impact du genre,\u00a0<em>par Christine Bard<\/em><br \/>\nXI. Esquisse d\u2019un bilan de l\u2019histoire culturelle en France depuis 1995,\u00a0<em>par Olivier L\u00e9vy-Dumoulin<\/em><br \/>\nXII. Les relations internationales,\u00a0<em>par Lucien B\u00e9ly et Georges-Henri Soutou<\/em><br \/>\nXIII. Les historiens fran\u00e7ais et les mondialisations,\u00a0<em>par Olivier P\u00e9tr\u00e9-Grenouilleau<\/em><br \/>\nXIV. Production, consommation, \u00e9change,\u00a0<em>par Mathieu Arnoux<\/em><br \/>\nXV. L\u2019histoire des savoirs, des sciences et des techniques,\u00a0<em>par Jacques Verger<\/em><\/p>\n<\/div>\n<\/div>\n<\/div>\n<\/div>\n<\/div>\n<\/div>\n<\/div>\n<\/div>\n<\/div>\n<div class=\"product__section autour-agenda\">\n<h3 class=\"product__subtitle\">Autour de l&rsquo;auteur<\/h3>\n<div class=\"autour-agenda__wrap\">\n<div class=\"field field-name-field-ouvrage-display-txt-aut-ou field-type-text-long field-label-hidden\">\n<div class=\"field-items\">\n<div class=\"field-item even\">\n<p>Ouvrage publi\u00e9 sous la direction de Jean-Fran\u00e7ois Sirinelli (Sciences Po Paris, pr\u00e9sident du Comit\u00e9 fran\u00e7ais des sciences historiques), Pascal Cauchy (Sciences Po Paris) et Claude Gauvard (Universit\u00e9 de Paris 1 Panth\u00e9on-Sorbonne).<\/p>\n<p>Contributions de Mathieu Arnoux, St\u00e9phane Audoin-Rouzeau, Christine Bard, Lucien B\u00e9ly, St\u00e9phane Benoist, Jo\u00eblle Burnouf, Pascal Cauchy, Roger Chartier, Claude Gauvard, Jean-Philippe Genet, Dominique Iogna-Prat, R\u00e9gine Le Jan, Olivier L\u00e9vy-Dumoulin, Olivier P\u00e9tr\u00e9-Grenouilleau, Philippe Poirrier, Jean-Fran\u00e7ois Sirinelli, Georges-Henri Soutou, Jacques Verger.<\/p>\n<\/div>\n<div>\n<h3 class=\"ead-p\"><strong><span class=\"ead-underline\">Publications du CFSH :<\/span><\/strong><\/h3>\n<\/div>\n<\/div>\n<\/div>\n<\/div>\n<\/div>\n<ul>\n<li>Actes du Congr\u00e8s de Reims de 2012, Paris, PUF, 2015, 184 p.<\/li>\n<li>Actes du Congr\u00e8s de Paris de 2010, Paris, PUF, 2010. 332 p.<\/li>\n<li><span class=\"ead-italic\">Les Historiens fran\u00e7ais \u00e0 l&rsquo;\u0153uvre, 1995-2010<\/span>, dirig\u00e9 par Jean-Fran\u00e7ois Sirinelli, Pascal Cauchy, Claude Gauvard, Bernard Legras,<\/li>\n<li><span class=\"ead-italic\">Bulletin d&rsquo;information<\/span><span class=\"ead-italic\">Lettre d&rsquo;information<\/span>, Paris, CNRS, 1965, 2 volumes\u00a0<span class=\"ead-italic\">Vingt-cinq ans de recherche historique en France<\/span>, publi\u00e9 avec le soutien du Comit\u00e9 su\u00e9dois pour la coop\u00e9ration internationale des sciences historiques et de l&rsquo;universit\u00e9 de Paris I Panth\u00e9on-Sorbonne, 172 p.\n<div class=\"field field-name-field-ouvrage-display-txt-aut-ou field-type-text-long field-label-hidden\">\n<div class=\"field-items\">\n<div>\n<div class=\"ead-p\"><span class=\"ead-italic\">Colloque franco-su\u00e9dois \u00e0 Paris du 9 au 10\/10\/1978, <\/span>Paris, PUF, 1948, 435 p.<\/div>\n<div class=\"ead-p\"><\/div>\n<div class=\"ead-p\"><\/div>\n<\/div>\n<div class=\"ead-p\"><strong><span class=\"ead-underline\">Bulletins d&rsquo;information du CISH :<\/span><\/strong><\/div>\n<div class=\"ead-p\">Le premier num\u00e9ro est paru en 1953 \u00e0 Paris et le dernier (n\u00b029) en 2003 \u00e0 Montr\u00e9al. Cette publication donne la liste des membres et l&rsquo;adresse du bureau des comit\u00e9s nationaux dont celui de la France. On y trouve aussi certaines informations relatives au CISH\u00a0:<\/div>\n<div class=\"ead-p\">Dans le n\u00b014, s\u00e9rie n\u00b05, Paris, 1987, p. 35-37, on trouve un historique du CFSH, une pr\u00e9sentation de ses statuts et un bilan de son activit\u00e9 dans le domaine national et international au d\u00e9but des ann\u00e9es quatre-vingt<\/div>\n<\/div>\n<\/div>\n<\/li>\n<\/ul>\n","protected":false},"excerpt":{"rendered":"<p>REGARDS CROIS\u00c9S SUR L&rsquo;HISTORIOGRAPHIE FRAN\u00c7AISE AUJOURD&rsquo;HUI Sous la direction de Dominique Barjot, Anna Bellavitis, Bertrand Haan et Olivier Feiertag O\u00f9 en est l&rsquo;historiographie fran\u00e7aise et francophone, en ces temps de&hellip;<\/p>\n","protected":false},"author":1,"featured_media":0,"parent":0,"menu_order":0,"comment_status":"closed","ping_status":"closed","template":"","meta":[],"_links":{"self":[{"href":"https:\/\/comite-francais-sciences-historiques.com\/index.php\/wp-json\/wp\/v2\/pages\/206"}],"collection":[{"href":"https:\/\/comite-francais-sciences-historiques.com\/index.php\/wp-json\/wp\/v2\/pages"}],"about":[{"href":"https:\/\/comite-francais-sciences-historiques.com\/index.php\/wp-json\/wp\/v2\/types\/page"}],"author":[{"embeddable":true,"href":"https:\/\/comite-francais-sciences-historiques.com\/index.php\/wp-json\/wp\/v2\/users\/1"}],"replies":[{"embeddable":true,"href":"https:\/\/comite-francais-sciences-historiques.com\/index.php\/wp-json\/wp\/v2\/comments?post=206"}],"version-history":[{"count":9,"href":"https:\/\/comite-francais-sciences-historiques.com\/index.php\/wp-json\/wp\/v2\/pages\/206\/revisions"}],"predecessor-version":[{"id":360,"href":"https:\/\/comite-francais-sciences-historiques.com\/index.php\/wp-json\/wp\/v2\/pages\/206\/revisions\/360"}],"wp:attachment":[{"href":"https:\/\/comite-francais-sciences-historiques.com\/index.php\/wp-json\/wp\/v2\/media?parent=206"}],"curies":[{"name":"wp","href":"https:\/\/api.w.org\/{rel}","templated":true}]}}