{"id":169,"date":"2020-12-29T13:16:12","date_gmt":"2020-12-29T12:16:12","guid":{"rendered":"http:\/\/comite-francais-sciences-historiques.com\/?page_id=169"},"modified":"2024-04-27T13:43:41","modified_gmt":"2024-04-27T11:43:41","slug":"adhesion-au-comite-francais-des-sciences-historiques","status":"publish","type":"page","link":"https:\/\/comite-francais-sciences-historiques.com\/index.php\/adhesion-au-comite-francais-des-sciences-historiques\/","title":{"rendered":"ADH\u00c9SION AU COMIT\u00c9 FRAN\u00c7AIS DES SCIENCES HISTORIQUES"},"content":{"rendered":"<p>Cotisation annuelle\u00a0:<\/p>\n<ul>\n<li><strong> individuelle 20 euros<\/strong><\/li>\n<li><strong>soutien 30 euros <\/strong><\/li>\n<li><strong>institutionnelle 150 euros<\/strong><\/li>\n<\/ul>\n<p style=\"text-align: center;\"><strong>Ch\u00e8que \u00e0 \u00e9tablir \u00e0 l\u2019ordre du \u00ab\u00a0Comit\u00e9 fran\u00e7ais des sciences historiques\u00a0\u00bb et \u00e0 adresser \u00e0 M. le Professeur Dominique Barjot, pr\u00e9sident du CFSH, et\/ou \u00e0 Monsieur Thierry Claeys, tr\u00e9sorier du CFSH, Comit\u00e9 Fran\u00e7ais des Sciences Historiques, Maison de la Vie Associative et Citoyenne des 5<sup>e<\/sup> et 6<sup>e<\/sup> arrondissements de Paris, 4, rue des Ar\u00e8nes, 75.005 PARIS.<\/strong><\/p>\n<h3 style=\"text-align: center;\"><span style=\"color: #ff0000;\"><strong>Virement possible en \u00e9crivant \u00e0 :<\/strong><\/span><\/h3>\n<p style=\"text-align: center;\"><strong><br \/>\n<\/strong><span style=\"color: #9e2b2b;\"><a style=\"color: #9e2b2b;\" href=\"mailto:thierryclaeys01@gmail.com\">thierryclaeys01@gmail.com<\/a><\/span><\/p>\n<p style=\"text-align: center;\"><span style=\"color: #9e2b2b;\"><strong>ou<br \/>\n<\/strong><a style=\"color: #9e2b2b;\" href=\"mailto:Bertrand.Haan@sorbonne-universite.fr\">Bertrand.Haan@sorbonne-universite.fr<\/a><\/span><\/p>\n<p style=\"text-align: center;\"><span style=\"color: #9e2b2b;\"><strong>ou<br \/>\n<\/strong><a style=\"color: #9e2b2b;\" href=\"mailto:dom.barjot@orange.fr\">dom.barjot@orange.fr<\/a><\/span><\/p>\n<h3 style=\"text-align: center;\"><a href=\"http:\/\/comite-francais-sciences-historiques.com\/wp-content\/uploads\/2024\/04\/ADHE\u0301SIONS-CFSH.pdf\"><strong>T\u00e9l\u00e9charger le Formulaire \u00e0 remplir en lettres capitales<\/strong><\/a><\/h3>\n","protected":false},"excerpt":{"rendered":"<p>Cotisation annuelle\u00a0: individuelle 20 euros soutien 30 euros institutionnelle 150 euros Ch\u00e8que \u00e0 \u00e9tablir \u00e0 l\u2019ordre du \u00ab\u00a0Comit\u00e9 fran\u00e7ais des sciences historiques\u00a0\u00bb et \u00e0 adresser \u00e0 M. le Professeur Dominique&hellip;<\/p>\n","protected":false},"author":1,"featured_media":0,"parent":0,"menu_order":0,"comment_status":"closed","ping_status":"closed","template":"","meta":[],"_links":{"self":[{"href":"https:\/\/comite-francais-sciences-historiques.com\/index.php\/wp-json\/wp\/v2\/pages\/169"}],"collection":[{"href":"https:\/\/comite-francais-sciences-historiques.com\/index.php\/wp-json\/wp\/v2\/pages"}],"about":[{"href":"https:\/\/comite-francais-sciences-historiques.com\/index.php\/wp-json\/wp\/v2\/types\/page"}],"author":[{"embeddable":true,"href":"https:\/\/comite-francais-sciences-historiques.com\/index.php\/wp-json\/wp\/v2\/users\/1"}],"replies":[{"embeddable":true,"href":"https:\/\/comite-francais-sciences-historiques.com\/index.php\/wp-json\/wp\/v2\/comments?post=169"}],"version-history":[{"count":9,"href":"https:\/\/comite-francais-sciences-historiques.com\/index.php\/wp-json\/wp\/v2\/pages\/169\/revisions"}],"predecessor-version":[{"id":479,"href":"https:\/\/comite-francais-sciences-historiques.com\/index.php\/wp-json\/wp\/v2\/pages\/169\/revisions\/479"}],"wp:attachment":[{"href":"https:\/\/comite-francais-sciences-historiques.com\/index.php\/wp-json\/wp\/v2\/media?parent=169"}],"curies":[{"name":"wp","href":"https:\/\/api.w.org\/{rel}","templated":true}]}}