{"id":101,"date":"2020-12-23T02:38:58","date_gmt":"2020-12-23T01:38:58","guid":{"rendered":"http:\/\/comite-francais-sciences-historiques.com\/?page_id=101"},"modified":"2023-05-06T16:50:24","modified_gmt":"2023-05-06T14:50:24","slug":"congres-nationaux","status":"publish","type":"page","link":"https:\/\/comite-francais-sciences-historiques.com\/index.php\/congres-nationaux\/","title":{"rendered":"Congr\u00e8s nationaux"},"content":{"rendered":"<div class=\"paragraphes\">\n<div class=\"para img img-right\">\n<div class=\"row\">\n<div class=\"col-xs-12 col-sm-8\">\n<div>\n<p style=\"text-align: center;\"><strong>Congr\u00e8s du Comit\u00e9 Fran\u00e7ais des Sciences Historiques (CFSH)<br \/>\n<\/strong><strong>&#8211; ROUEN &#8211;<br \/>\n<\/strong><strong><span class=\"date-display-range\"><span class=\"date-display-end\">5 D\u00e9cembre 2019<\/span><\/span><\/strong><\/p>\n<p>Un congr\u00e8s national avait \u00e9t\u00e9 organis\u00e9 \u00e0 l\u2019Universit\u00e9 de Rouen \u00e0 l\u2019initiative conjointe du Comit\u00e9 fran\u00e7ais des Sciences historiques et du <a href=\"http:\/\/grhis.univ-rouen.fr\/grhis\/\">Groupe de recherches d\u2019histoire de l\u2019Universit\u00e9 (GRHis)<\/a>. La date retenue pour son organisation avait \u00e9t\u00e9 le Jeudi 5 d\u00e9cembre 2019. Ce congr\u00e8s a d\u00fb \u00eatre annul\u00e9 en raison de la gr\u00e8ve g\u00e9n\u00e9rale d\u2019SNCF d\u00e9butant le m\u00eame jour. Le congr\u00e8s a \u00e9t\u00e9 remplac\u00e9 par une publication collective r\u00e9alis\u00e9e par le CFSH et GRHis : <a href=\"https:\/\/www.editions-harmattan.fr\/index.asp?navig=catalogue&amp;obj=livre&amp;no=67242\"><strong>Regards crois\u00e9s sur l&rsquo;historiographie fran\u00e7aise aujourd&rsquo;hui<\/strong><\/a>.<\/p>\n<p>&nbsp;<\/p>\n<\/div>\n<div class=\"content\" style=\"text-align: center;\"><strong>Congr\u00e8s du Comit\u00e9 Fran\u00e7ais des Sciences Historiques (CFSH)<\/strong><\/div>\n<div class=\"content\" style=\"text-align: center;\"><strong>&#8211; BESAN\u00c7ON &#8211;<br \/>\n<\/strong><strong><span class=\"date-display-range\"><span class=\"date-display-start\">18 &#8211;<\/span>\u00a0<span class=\"date-display-end\">19 Septembre 2015<\/span><\/span><\/strong><\/div>\n<div class=\"content\">\n<div id=\"node-schemaorg-event-full-group-col-right\" class=\" group-col-right field-group-div\">\n<div class=\"field field-name-field-body field-type-text-long field-label-hidden\" data-count=\"1\">\n<p>Les congr\u00e8s du CFSH r\u00e9unissent la communaut\u00e9 historienne fran\u00e7aise pour faire le point sur les th\u00e9matiques nouvelles ou en cours de renouvellement. L&rsquo;\u00c9tat et le politique seront les th\u00e8mes discut\u00e9s autour des tables rondes organis\u00e9es conjointement par le Laboratoire des sciences historiques (LSH), l&rsquo;Institut des sciences et techniques de l&rsquo;Antiquit\u00e9 (ISTA) et la Maison des sciences de l&rsquo;homme et de l&rsquo;environnement (MSHE) Claude-Nicolas Ledoux.<\/p>\n<p>&#8211;\u00a0<span class=\"fckh3\"><a title=\"Revoir le programme (pdf, 1.77 Mo) - Nouvelle fen\u00eatre\" href=\"https:\/\/actu.univ-fcomte.fr\/sites\/default\/files\/programme-comite-lsh.pdf\" target=\"_blank\" rel=\"noopener\">Revoir le programme<\/a><\/span>\u00a0&#8211;<\/p>\n<\/div>\n<\/div>\n<p style=\"text-align: center;\"><strong>Congr\u00e8s du Comit\u00e9 Fran\u00e7ais des Sciences Historiques (CFSH)<br \/>\n<\/strong><strong>&#8211; REIMS &#8211;<\/strong><br \/>\n<strong>21 &#8211; 22 septembre 2012<\/strong><\/p>\n<p>Poursuivant le grand panorama historiographique dress\u00e9 par Fran\u00e7ois B\u00e9darida en 1995, le Comit\u00e9 fran\u00e7ais des sciences historiques a propos\u00e9 un bilan d&rsquo;\u00e9tape en 2010 et livr\u00e9 un ouvrage de r\u00e9f\u00e9rence les historiens fran\u00e7ais \u00e0 l\u2019oeuvre, PUF, 2011, dirig\u00e9 conjointement par Jean\u2010Fran\u00e7ois Sirinelli (Sciences Po\u2010Paris, pr\u00e9sident du Comit\u00e9 fran\u00e7ais des sciences historiques), Pascal Cauchy (Sciences Po\u2010Paris) et Claude Gauvard (Universit\u00e9 de Paris1 Panth\u00e9on\u2010Sorbonne). Le congr\u00e8s de Reims s\u2019inscrit dans la continuit\u00e9 de cette r\u00e9flexion et, compte tenu de la vitalit\u00e9 de la recherche historique fran\u00e7aise, entend dresser l\u2019\u00e9tat du renouvellement des th\u00e8mes et identifier les pistes novatrices de l\u2019historiographie fran\u00e7aise, sugg\u00e9r\u00e9es en particulier gr\u00e2ce \u00e0 l&rsquo;importante coop\u00e9ration internationale entre universitaires et chercheurs. Il s\u2019agit de dresser l\u2019inventaire des champs historiographiques qui se mettent en place et de stimuler ceux qui restent \u00e0 mettre en oeuvre. Cette synth\u00e8se des principaux axes de recherche affiche l\u2019ambition non seulement de dresser un paysage in\u00e9dit de la discipline historique, mais aussi de manifester la vigueur de la recherche fran\u00e7aise en gardant comme perspective la promotion de la science fran\u00e7aise \u00e0 l&rsquo;\u00e9tranger. Les travaux du congr\u00e8s constituent donc une r\u00e9flexion approfondie sur le travail d&rsquo;historien en France \u00e0 l&rsquo;aune de la recherche internationale.<\/p>\n<p>&#8211;\u00a0<span class=\"fckh3\"><a title=\"Revoir le programme (pdf, 1.77 Mo) - Nouvelle fen\u00eatre\" href=\"https:\/\/www.univ-reims.fr\/archives\/rencontres\/rencontres-2012-\/gallery_files\/site\/1\/1697\/3184\/24508\/37504.pdf\" target=\"_blank\" rel=\"noopener\">Revoir le programme<\/a><\/span>\u00a0&#8211;<\/p>\n<p>&nbsp;<\/p>\n<\/div>\n<\/div>\n<div class=\"col-xs-12 col-sm-4\"><\/div>\n<\/div>\n<\/div>\n<\/div>\n<div class=\"paragraphes\">\n<div class=\"para simple\">\n<div class=\"content\"><\/div>\n<\/div>\n<\/div>\n","protected":false},"excerpt":{"rendered":"<p>Congr\u00e8s du Comit\u00e9 Fran\u00e7ais des Sciences Historiques (CFSH) &#8211; ROUEN &#8211; 5 D\u00e9cembre 2019 Un congr\u00e8s national avait \u00e9t\u00e9 organis\u00e9 \u00e0 l\u2019Universit\u00e9 de Rouen \u00e0 l\u2019initiative conjointe du Comit\u00e9 fran\u00e7ais&hellip;<\/p>\n","protected":false},"author":1,"featured_media":0,"parent":0,"menu_order":0,"comment_status":"closed","ping_status":"closed","template":"","meta":[],"_links":{"self":[{"href":"https:\/\/comite-francais-sciences-historiques.com\/index.php\/wp-json\/wp\/v2\/pages\/101"}],"collection":[{"href":"https:\/\/comite-francais-sciences-historiques.com\/index.php\/wp-json\/wp\/v2\/pages"}],"about":[{"href":"https:\/\/comite-francais-sciences-historiques.com\/index.php\/wp-json\/wp\/v2\/types\/page"}],"author":[{"embeddable":true,"href":"https:\/\/comite-francais-sciences-historiques.com\/index.php\/wp-json\/wp\/v2\/users\/1"}],"replies":[{"embeddable":true,"href":"https:\/\/comite-francais-sciences-historiques.com\/index.php\/wp-json\/wp\/v2\/comments?post=101"}],"version-history":[{"count":11,"href":"https:\/\/comite-francais-sciences-historiques.com\/index.php\/wp-json\/wp\/v2\/pages\/101\/revisions"}],"predecessor-version":[{"id":386,"href":"https:\/\/comite-francais-sciences-historiques.com\/index.php\/wp-json\/wp\/v2\/pages\/101\/revisions\/386"}],"wp:attachment":[{"href":"https:\/\/comite-francais-sciences-historiques.com\/index.php\/wp-json\/wp\/v2\/media?parent=101"}],"curies":[{"name":"wp","href":"https:\/\/api.w.org\/{rel}","templated":true}]}}